{"id":862,"date":"2020-01-08T15:17:16","date_gmt":"2020-01-08T15:17:16","guid":{"rendered":"https:\/\/www.flyinturtles.de\/?page_id=862"},"modified":"2020-01-08T15:17:16","modified_gmt":"2020-01-08T15:17:16","slug":"2019-2","status":"publish","type":"page","link":"https:\/\/www.flyinturtles.de\/?page_id=862","title":{"rendered":"2019"},"content":{"rendered":"<p><p class=\"slogan\">FLYIN&#8216; TURTLES &#8211; Am 10.08.2019 &#8211; Das 34. Truck &amp; Country Treff Kaunitz<\/p><br \/>\n<span style=\"color: #ff00ff;\">(eingestellt am 14.08.2019)<\/span><\/p>\n<div style=\"display: table; width: 100%;\">\n<figure style=\"display: table-cell; padding: 0 4px; text-align: center;\"><img decoding=\"async\" src=\"https:\/\/flyinturtles.de\/\/images\/\/Kaunitz 2019\/Bild15.jpg\" \/><figcaption><\/figcaption><\/figure>\n<figure style=\"display: table-cell; padding: 0 4px; text-align: center;\"><video controls=\"controls\" width=\"620\" height=\"340\"><\/span><source src=\"https:\/\/flyinturtles.de\/\/Video\/\/Gigs\/Old Town Road.mp4\" type=\"video\/mp4\" \/><figcaption><strong>Old Tow Road<\/strong><\/figcaption><\/figure>\n<\/div>\n<p>&nbsp;<\/p>\n<blockquote><p>\nBereits das 5. Mal spielten die FLYIN TURTLES auf diesem weit \u00fcber die Landesgrenzen hinweg bekannten Country Musik und Truck Festival. Die Teilnahme an dieser Veranstaltung ist immer ein wirkliches Highlight f\u00fcr die Band.<br \/>\nGemeinsam mit den FLYIN&#8216; TURTLES  teilten sich am Samstag Abend das Duo Misses Sunshine, Die Glorreichen Zwei und Entertainer Cody die B\u00fchne.<\/p>\n<div style=\"display: table; width: 100%;\">\n<figure style=\"display: table-cell; padding: 0 4px; text-align: center;\"><img decoding=\"async\" src=\"https:\/\/flyinturtles.de\/\/images\/\/Kaunitz 2019\/Bild14.jpg\" \/><figcaption><\/figcaption><\/figure>\n<\/div>\n<p>Getreu dem Motto: &#8222;Die einen sagen Country, &#8230;wir sagen bad rock &#8217;n&#8216; roll&#8220;  liesen es die FLYIN&#8216; TURTLES richtig krachen. Der Auftritt der Band war durch echte Spielfreude gepr\u00e4gt. Gemeinsam mit den Linedancern und der feiernden Meute fand an diesem Abend eine unvergessliche Party statt. Gleichzeitig celibrierten die FLYIN&#8216; TURTLES an diesem Abend ihr 15. j\u00e4hriges B\u00fchnenjubil\u00e4um.<\/p>\n<p>Ganz besonders freut uns, wenn zu so einer Veranstaltung auch liebe Freunde der Band, wie zum Beispiel die Traktorfreunde aus Langeneicke kommen. Das ist super!<\/p>\n<p>Ein Lob geht an dieser Stelle auch an die Beschaller von &#8222;Bands Events Entertainment&#8220; aus Enger (www.bee-mobil.de). Die Jungs haben ihr Bestes gegeben und hatten die Technik gut in Griff.<br \/>\nDanke!<\/p>\n<\/blockquote>\n<blockquote><p>Impressionen vom 34. Country Truck Treff Kaunitz 2019<\/p><\/blockquote>\n<div style=\"display: table; width: 100%;\">\n<figure style=\"display: table-cell; padding: 0 4px; text-align: center;\"><img decoding=\"async\" src=\"https:\/\/flyinturtles.de\/\/images\/\/Kaunitz 2019\/collage.jpg\" \/><figcaption><\/figcaption><\/figure>\n<\/div>\n<blockquote><p>Wir sehen uns.<br \/>\n&#8222;Yee Haw&#8230;&#8220;<\/p><\/blockquote>\n<p><p class=\"slogan\">FLYIN&#8216; TURTLES &#8211; Am 18.05.2019 &#8211; ESPELN LIVE \u2013 Umsonst &amp; Drau\u00dfen Festival<\/p><br \/>\n<span style=\"color: #ff00ff;\">(eingestellt am 21.05.2019)<\/span><\/p>\n<div style=\"display: table; width: 100%;\">\n<figure style=\"display: table-cell; padding: 0 4px; text-align: center;\"><video controls=\"controls\" width=\"620\" height=\"340\"><\/span><source src=\"https:\/\/flyinturtles.de\/\/Video\/\/Gigs\/Espeln Live 2019.mp4\" type=\"video\/mp4\" \/><figcaption><\/figcaption><\/figure>\n<figure style=\"display: table-cell; padding: 0 4px; text-align: center;\"><img decoding=\"async\" src=\"https:\/\/flyinturtles.de\/\/images\/\/Espeln 2019\/EspelnOpenAir2019.png\" \/><figcaption><\/figcaption><\/figure>\n<\/div>\n<blockquote><p>\nEine Open Air Veranstaltung mit professioneller Musik der K\u00f6lschen Band &#8222;Pl\u00e4sier&#8220;, der Indie Pop Band &#8222;Julia Mind&#8220; aus Paderborn und nat\u00fcrlich den &#8222;FLYIN\u2019 TURTLES&#8220;.<\/p>\n<div style=\"display: table; width: 100%;\">\n<figure style=\"display: table-cell; padding: 0 4px; text-align: center;\"><img decoding=\"async\" src=\"https:\/\/flyinturtles.de\/\/images\/\/Espeln 2019\/espeln1.jpg\" \/><figcaption>EspelnOpenAir2019<\/figcaption><\/figure>\n<\/div>\n<p>Das Event war super organisiert, wir hatten sch\u00f6nes Wetter und auch musikalisch konnten wir das Publikum erreichen.\n<\/p><\/blockquote>\n<blockquote><p>\nDie &#8222;NEUE WESTF\u00c4LISCHE&#8220; schrieb:<br \/>\n<strong>Auftritt mit Cowboyhut<\/strong><br \/>\n\u00bb&#8230;Den Festival-Auftakt \u00fcbernahmen die FLYIN&#8216; TURTLES eine Band, \u00fcber dessen Musikalit\u00e4t selbst Gunter Gabriel schon ein Lob \u00fcber die Lippen kam: Vier selbsternannte Hillbillies z\u00fccken f\u00fcr frech-rockige Interpretationen alter Bluegrass-, Blues- und Countrysongs ihre Instrumente. Die Southern Gentlemen der Flyin Turtles aus Halle punkteten direkt zu Beginn beim Publikum mit unkomplizierter Musik und einem authentischen Auftritt mit Cowboyhut.\u00ab\n<\/p><\/blockquote>\n<blockquote><p>\nDie &#8222;DAS WESTFALENBLATT&#8220; schrieb:<br \/>\n<strong>Diese Premiere rockt gewaltig<\/strong><br \/>\n\u00bbMit dem Glockenschlag, exakt um 19 Uhr, hebt die feiernde Meute unter freiem Himmel zum Feiern ab und heizt die Festivalstimmung an.<br \/>\nDen Kirchturm hinter der B\u00fchne zu sehen, die B\u00e4ume illuminiert, der Vollmond, der durch die B\u00e4ume lugt und dazu noch das sch\u00f6ne Wetter. Diese Kulisse macht G\u00e4nsehaut.\u00ab<\/p>\n<p>\u00bbAnfangs bekommen die Besucher der Veranstaltung von der Bielefelder Band FLYIN&#8217;TURTLES Countrymusik und US-typischen Bluegrass vom Feinsten auf die Ohren.<br \/>\nDie Band begeistert mit ihren Songs, ein toller Abend nimmt seinen Verlauf. Die feiernde Meute wird von den FLYIN&#8216; TURTLES ordentlich in Stimmung versetzt.\u00ab\n<\/p><\/blockquote>\n<div style=\"display: table; width: 100%;\">\n<figure style=\"display: table-cell; padding: 0 4px; text-align: center;\"><img decoding=\"async\" src=\"https:\/\/flyinturtles.de\/\/images\/\/Espeln 2019\/espeln2.jpg\" \/><figcaption>EspelnOpenAir2019<\/figcaption><\/figure>\n<\/div>\n<blockquote><p>Wir sehen uns.<br \/>\n&#8222;Yee Haw&#8230;&#8220;<\/p><\/blockquote>\n<p><p class=\"slogan\">FLYIN&#8216; TURTLES &#8211; Kirschbl\u00fctenfest in Enger 2019!<\/p><br \/>\n<span style=\"color: #ff00ff;\">(eingestellt am 29.04.2019)<\/span><\/p>\n<blockquote>\n<div style=\"display: table; width: 100%;\">\n<figure style=\"display: table-cell; padding: 0 4px; text-align: center;\"><img decoding=\"async\" src=\"https:\/\/flyinturtles.de\/\/images\/\/Enger2019\/KirschbluetenfestEnger.JPG\" \/><figcaption><\/figcaption><\/figure>\n<\/div>\n<p>Die 41. Auflage des Kirschbl\u00fctenfest in Enger findet am letzten vollen Aprilwochenende statt. Wie in den vergangenen Jahren sorgen auf den B\u00fchnen Bands und Musikgruppen f\u00fcr Abwechslung. Die FLYIN&#8216; TURTLES durften am vergangenen Wochenende die gro\u00dfe B\u00fchne auf dem Barmeierplatz rocken.<\/p>\n<div style=\"display: table; width: 100%;\">\n<figure style=\"display: table-cell; padding: 0 4px; text-align: center;\"><img decoding=\"async\" src=\"https:\/\/flyinturtles.de\/\/images\/\/Enger2019\/Collage.png\" \/><figcaption><\/figcaption><\/figure>\n<\/div>\n<p>So erlebten die B\u00fcrger von Enger ein fr\u00f6hliches und lebensfrohes Kirschbl\u00fctenfest diesmal auch mit Country &amp; Western Musik. Es wurde viel geklatscht und getanzt und wer das nicht wollte, wippte fr\u00f6hlich mit dem Fu\u00df im Takt der Musik und trank dabei ein Bier. Die FLYIN&#8217;TURTLES interpretierten Countrysongs rund um Trains, Trucks und Liebe in gewohnter Leichtigkeit und mit gro\u00dfer Spielfreude.<\/p>\n<p>Noch auf der Fahrt nach Enger sah das nicht so aus. Es regnete und st\u00fcrmte.  Kaum aber waren wir \u00fcber den Kamm des Teutoburger Waldes hinweg gefahren, sahen wir \u00fcber Enger die Sonne strahlen.  Welch ein Gl\u00fcck f\u00fcr die FLYIN\u2019 TURTLES und den bevorstehenden Auftritt auf dem Kirschbl\u00fctenfest 2019 in Enger.<\/p>\n<div style=\"display: table; width: 100%;\">\n<figure style=\"display: table-cell; padding: 0 4px; text-align: center;\"><video controls=\"controls\" width=\"620\" height=\"340\"><\/span><source src=\"https:\/\/flyinturtles.de\/\/images\/\/Enger2019\/MysteryTrain.mp4\" type=\"video\/mp4\" type=\"video\/mp4\" \/><figcaption><\/figcaption><\/figure>\n<figure style=\"display: table-cell; padding: 0 4px; text-align: center;\"><video controls=\"controls\" width=\"620\" height=\"340\"><\/span><source src=\"https:\/\/flyinturtles.de\/\/images\/\/Enger2019\/Jambalaya.mp4\" type=\"video\/mp4\" \/><\/video><figcaption><\/figcaption><\/figure>\n<\/div>\n<blockquote><p>\nIm Vorfeld gab es viel zu organisieren. Unser eigentlicher Schlagzeuger Tommy konnte an diesem Gig nicht teilnehmen. Deshalb sprang Toddy ein befreundeter Musiker f\u00fcr ihn ein. Danke Toddy! Am Ende war das Kirschbl\u00fctenfest f\u00fcr die FLYIN\u2019 TURTLES ein wunderbares Erlebnis. Die Bandmitglieder sind mittlerweile mit ihrem Equipment so vertraut das man f\u00fcr den Auf- und Abbau inklusive dem Soundcheck jeweils nur 15min Zeit ben\u00f6tigte. So wurde das Schlagzeug schon im Vorfeld aufgebaut bevor es auf die B\u00fchne transportiert wurde.<br \/>\nDer Sound wurde von den f\u00fcr die Beschallung Verantwortlichen sehr gut eingestellt und wiedergegeben. Hier leistete das Team rund um Wigbert Pieper, einem der Hauptorganisatoren dieser Veranstaltung sehr gute Arbeit.<br \/>\nHerr Pieper lobte unseren Auftritt und unsere Disziplin und sagte: <strong><em>\u201eDanke f\u00fcr die gute Kooperation und die sch\u00f6ne Musik. Die FLYIN&#8216; TURTLES sind weiter zu empfehlen. Bewerbt euch f\u00fcr einen Folgeauftritt in 2 Jahren.&#8220;<\/em><\/strong><\/p>\n<p>Das freut uns sehr! Gerne kommen wir wieder nach Enger.\n<\/p><\/blockquote>\n<blockquote><p>Wir sehen uns.<br \/>\n&#8222;Yee Haw&#8230;&#8220;<\/p><\/blockquote>\n<p><p class=\"slogan\">FLYIN&#8216; TURTLES &#8211; Benefizveranstaltung &#8222;Bulsten f\u00fcr L\u00f6wenherz<\/p><br \/>\n<span style=\"color: #ff00ff;\">(eingestellt am 30.03.2019)<\/span><\/p>\n<blockquote>\n<div style=\"display: table; width: 100%;\">\n<figure style=\"display: table-cell; padding: 0 4px; text-align: center;\"><img decoding=\"async\" src=\"https:\/\/flyinturtles.de\/\/images\/\/Bulsten2019\/Bulsten1.png\" \/><figcaption><\/figcaption><\/figure>\n<figure style=\"display: table-cell; padding: 0 4px; text-align: center; vertical-align: middle;\"><img decoding=\"async\" src=\"https:\/\/flyinturtles.de\/\/images\/\/Bulsten2019\/Bulsten2.png\" \/><figcaption><\/figcaption><\/figure>\n<\/div>\n<p>Nicht zum ersten Mal spielten die FLYIN\u2019 TURTLES f\u00fcr einen guten Zweck. So auch am 29.03.2019 im Rahmen eines Country und Western Abend zu Gunsten des Kinderhospiz L\u00f6wenherz.<br \/>\nHerzlich wurden die Bandmitglieder von den Vereinsmitgliedern empfangen und gestalteten mit allen Teilnehmern an der Veranstaltung einen sch\u00f6nen Abend.<\/p><\/blockquote>\n<blockquote><p>Wir sehen uns.<br \/>\n&#8222;Yee Haw&#8230;&#8220;<\/p><\/blockquote>\n","protected":false},"excerpt":{"rendered":"<p>(eingestellt am 14.08.2019) Old Tow Road &nbsp; Bereits das 5. Mal spielten die FLYIN TURTLES auf diesem weit \u00fcber die Landesgrenzen hinweg bekannten Country Musik und Truck Festival. Die Teilnahme an dieser Veranstaltung ist immer ein wirkliches Highlight f\u00fcr die Band. Gemeinsam mit den FLYIN&#8216; TURTLES &hellip; <\/p>\n<p><a href=\"https:\/\/www.flyinturtles.de\/?page_id=862\" class=\"more-link\"><span class=\"morelink-icon\">Weiterlesen<\/span><\/a><\/p>\n","protected":false},"author":1,"featured_media":0,"parent":0,"menu_order":0,"comment_status":"closed","ping_status":"closed","template":"page-templates\/full-width.php","meta":{"footnotes":""},"class_list":["post-862","page","type-page","status-publish","hentry"],"_links":{"self":[{"href":"https:\/\/www.flyinturtles.de\/index.php?rest_route=\/wp\/v2\/pages\/862","targetHints":{"allow":["GET"]}}],"collection":[{"href":"https:\/\/www.flyinturtles.de\/index.php?rest_route=\/wp\/v2\/pages"}],"about":[{"href":"https:\/\/www.flyinturtles.de\/index.php?rest_route=\/wp\/v2\/types\/page"}],"author":[{"embeddable":true,"href":"https:\/\/www.flyinturtles.de\/index.php?rest_route=\/wp\/v2\/users\/1"}],"replies":[{"embeddable":true,"href":"https:\/\/www.flyinturtles.de\/index.php?rest_route=%2Fwp%2Fv2%2Fcomments&post=862"}],"version-history":[{"count":2,"href":"https:\/\/www.flyinturtles.de\/index.php?rest_route=\/wp\/v2\/pages\/862\/revisions"}],"predecessor-version":[{"id":934,"href":"https:\/\/www.flyinturtles.de\/index.php?rest_route=\/wp\/v2\/pages\/862\/revisions\/934"}],"wp:attachment":[{"href":"https:\/\/www.flyinturtles.de\/index.php?rest_route=%2Fwp%2Fv2%2Fmedia&parent=862"}],"curies":[{"name":"wp","href":"https:\/\/api.w.org\/{rel}","templated":true}]}}