{"id":642,"date":"2018-12-30T15:51:14","date_gmt":"2018-12-30T15:51:14","guid":{"rendered":"https:\/\/www.flyinturtles.de\/?page_id=642"},"modified":"2018-12-30T15:51:14","modified_gmt":"2018-12-30T15:51:14","slug":"2018-2","status":"publish","type":"page","link":"https:\/\/www.flyinturtles.de\/?page_id=642","title":{"rendered":"2018"},"content":{"rendered":"<p><p class=\"slogan\">FLYIN&#8216; TURTLES &#8211; Party im Jazz Club Bielefeld und Jahresabschluss<\/p><br \/>\n<span style=\"color: #ff00ff;\">(eingestellt am 21.12.2018)<\/span><\/p>\n<blockquote><p>\nMit einer gemeinsam mit anderen Musikern gestalteten Party im Bielefelder Jazz Club geht das laufende Jahr nun zu Ende. Die FLYIN TURTLES gestalteten gemeinsam mit dem Duo &#8222;Fortezza&#8220;, den &#8222;Booze Brothers&#8220; und Klaus Scharffenorth ein sehr abwechslungsreiches Abendprogramm. Noch einmal duften die FlYIN TURTLES beweisen, das man nach deren Musik auch tanzen kann.<br \/>\nEine Besucherin der Party sagte uns: <strong>&#8222;Eigentlich mag ich Country Musik \u00fcberhaupt nicht, aber wie ihr die spielt, das gef\u00e4llt mir sehr gut.&#8220;<\/strong> Das freut uns sehr und wird uns weiterhin motivieren.<\/p><\/blockquote>\n<div style=\"display: table; width: 100%;\">\n<figure style=\"display: table-cell; padding: 0 4px; text-align: center;\"><img decoding=\"async\" src=\"https:\/\/flyinturtles.de\/\/images\/\/JazzClub 2018\/JC_FlyinTurtles.png\" \/><figcaption>Flyin Turtles<\/figcaption><\/figure>\n<figure style=\"display: table-cell; padding: 0 4px; text-align: center;\"><img decoding=\"async\" src=\"https:\/\/flyinturtles.de\/\/images\/\/JazzClub 2018\/JC_Fotezza.png\" \/><figcaption>Duo Fortezza<\/figcaption><\/figure>\n<\/div>\n<div style=\"display: table; width: 100%;\">\n<figure style=\"display: table-cell; padding: 0 4px; text-align: center;\"><img decoding=\"async\" src=\"https:\/\/flyinturtles.de\/\/images\/\/JazzClub 2018\/JC_Heiko.png\" \/><figcaption>The Booze Brothers<\/figcaption><\/figure>\n<figure style=\"display: table-cell; padding: 0 4px; text-align: center;\"><img decoding=\"async\" src=\"https:\/\/flyinturtles.de\/\/images\/\/JazzClub 2018\/JC_Klaus.png\" \/><figcaption>Klaus Scharffenorth<\/figcaption><\/figure>\n<\/div>\n<blockquote><p>\nAllen Fans und Freunden der Band w\u00fcnschen wir ein sch\u00f6nes Weihnachtsfest und einen guten Rutsch ins neue Jahr. <strong>Bleibt alle gesund!<\/strong><\/p><\/blockquote>\n<\/blockquote>\n<blockquote><p>Wir sehen uns.<br \/>\n&#8222;Yee Haw&#8230;&#8220;<\/p><\/blockquote>\n<p><p class=\"slogan\">FLYIN&#8216; TURTLES &#8211; R\u00fcckblick auf den Country Music Award in Pullman City 2018 <\/p><br \/>\n<span style=\"color: #ff00ff;\">(eingestellt am 18.11.2018)<\/span><\/p>\n<div style=\"display: table; width: 100%;\">\n<figure style=\"display: table-cell; padding: 0 4px; text-align: center;\"><img decoding=\"async\" src=\"https:\/\/flyinturtles.de\/\/images\/\/CountryMusicAward2018\/Anzeige.jpg\" \/><figcaption><\/figcaption><\/figure>\n<\/div>\n<p class=\"slogan\">Wir haben es uns verdient, und wie:<\/p>\n<div style=\"display: table; width: 100%;\">\n<figure style=\"display: table-cell; padding: 0 4px; text-align: center;\"><img decoding=\"async\" src=\"https:\/\/flyinturtles.de\/\/images\/\/CMA_2018\/Urkunde_CMA.jpg\" \/><figcaption><\/figcaption><\/figure>\n<figure style=\"display: table-cell; padding: 0 4px; text-align: center;\"><img decoding=\"async\" src=\"https:\/\/flyinturtles.de\/\/images\/\/CMA_2018\/Pokal_CMA.jpg\" \/><figcaption><\/figcaption><\/figure>\n<\/div>\n<div style=\"display: table; width: 100%;\">\n<figure style=\"display: table-cell; padding: 0 4px; text-align: center;\"><img decoding=\"async\" src=\"https:\/\/flyinturtles.de\/\/images\/\/CMA_2018\/Bild2.jpg\" \/><figcaption><\/figcaption><\/figure>\n<figure style=\"display: table-cell; padding: 0 4px; text-align: center;\"><img decoding=\"async\" src=\"https:\/\/flyinturtles.de\/\/images\/\/CMA_2018\/Bild3.jpg\" \/><figcaption><\/figcaption><\/figure>\n<figure style=\"display: table-cell; padding: 0 4px; text-align: center;\"><img decoding=\"async\" src=\"https:\/\/flyinturtles.de\/\/images\/\/CMA_2018\/Bild4.jpg\" \/><figcaption><\/figcaption><\/figure>\n<\/div>\n<blockquote><p>Die Musiker der \u201eFLYIN\u2019 TURTLES BAND\u201c haben beim <strong>Internationalen Country Music Award <\/strong>in Pullman City\/Eging am See den <strong>3. Platz in der Kategorie Traditional<\/strong> belegt.<br \/>\nDie Band existiert schon 14 Jahre und hat sich zum ersten Mal der Herausforderung gestellt \u2013 dennoch holte sie auf Anhieb Platz 3. Die Jury lie\u00df sich von der sp\u00fcrbaren Spielfreude der 4 Musiker mitrei\u00dfen. Besonders der S\u00e4nger und Frontmann der Band zeigte sich als wahres Energieb\u00fcndel. Auch war man von der Tatsache beeindruckt, dass einer der Musiker gleich 3 unterschiedliche Instrumente spielte.<\/p>\n<p><strong>Insgesamt haben sich vom 9. bis 11. November mehr als 30 Bands, Duos und Trios<\/strong> der Jury gestellt. Das tanzfreudige Publikum bekam dadurch ein vielschichtig schillerndes Spektrum der Country Music pr\u00e4sentiert. Die Linedancer und Western Paar-T\u00e4nzer hatten ihre helle Freude an dem Traditionsevent in der niederbayerischen Westernstadt. Die Music Hall und der Saloon boten das Ambiente was Country Musiker lieben.<\/p><\/blockquote>\n<blockquote><p>Impressionen vom Country Music Award Pullman City 2018<\/p><\/blockquote>\n<blockquote><p>\n<video controls=\"controls\" width=\"640\" height=\"360\"><source src=\"https:\/\/flyinturtles.de\/\/Video\/\/Gigs\/CMA_10_11_2018.mp4\" type=\"video\/mp4\" \/><\/p><\/blockquote>\n<blockquote><p>\nDie Teilnahme der FLYIN&#8216; TURTLES Band am CMA 2018 war f\u00fcr die Bandmitglieder eine gro\u00dfe Herausforderung, ein sch\u00f6nes Erlebnis und &#8222;gro\u00dfer&#8220; Erfolg.<br \/>\nDie Stimmung war wirklich super! Wir bedanken uns f\u00fcr die Nominierung und die vorbildliche Organisation des Events durch das Pullman City Team.<\/p>\n<p>Wir sehen uns.<br \/>\n&#8222;Yee Haw&#8230;&#8220;\n<\/p><\/blockquote>\n<p class=\"slogan\">R\u00fcckblick auf das Herbstfest in Melle 2018 <\/p>\n<p><span style=\"color: #ff00ff;\">(eingestellt am 20.09.2018)<\/span><\/p>\n<div style=\"display: table; width: 100%;\">\n<figure style=\"display: table-cell; padding: 0 4px; text-align: center;\"><img decoding=\"async\" src=\"https:\/\/flyinturtles.de\/\/images\/\/Melle2018\/Melle1.jpg\" \/><figcaption><\/figcaption><\/figure>\n<figure style=\"display: table-cell; padding: 0 4px; text-align: center;\"><img decoding=\"async\" src=\"https:\/\/flyinturtles.de\/\/images\/\/Melle2018\/Melle3.jpg\" \/><figcaption><\/figcaption><\/figure>\n<figure style=\"display: table-cell; padding: 0 4px; text-align: center; vertical-align: middle;\"><img decoding=\"async\" src=\"https:\/\/flyinturtles.de\/\/images\/\/Melle2018\/Melle2.jpg\" \/><figcaption><\/figcaption><\/figure>\n<\/div>\n<p>&nbsp;<\/p>\n<blockquote><p>\nDas weit \u00fcber die Region hinaus bekannte Meller Herbstfest lockte zahlreiche Besucher von nah und fern an. Das durchwachsene Wetter konnte die Stimmung nicht tr\u00fcben, in der Meller Innenstadt herrschte gute Laune und das Motto &#8222;Musik in der Stadt&#8220; kam gut an!<br \/>\nVielen Dank an alle Besucher, die Werbegemeinschaft, die Vorbereitung und tolle Betreuung durch Alexander Schr\u00f6der.<br \/>\nBis zum n\u00e4chsten Mal!<\/p><\/blockquote>\n<blockquote><p>Wir sehen uns.<br \/>\n&#8222;Yee Haw&#8230;&#8220;<\/p><\/blockquote>\n<p><p class=\"slogan\">FLYIN&#8216; TURTLES &#8211; Musik bis in die Nacht hinein auf dem Herbstfest in Melle<\/p><br \/>\n<span style=\"color: #ff00ff;\">(eingestellt am 14.09.2018)<\/span><\/p>\n<div style=\"display: table; width: 100%;\">\n<figure style=\"display: table-cell; padding: 0 4px; text-align: center;\"><img decoding=\"async\" src=\"https:\/\/flyinturtles.de\/\/images\/\/Melle2018\/Ortsschild_Melle.jpg\" \/><figcaption><\/figcaption><\/figure>\n<figure style=\"display: table-cell; padding: 0 4px; text-align: center; vertical-align: middle;\"><img decoding=\"async\" src=\"https:\/\/flyinturtles.de\/\/images\/\/Melle2018\/Herbstfest_Melle.jpg\" \/><figcaption><\/figcaption><\/figure>\n<\/div>\n<blockquote><p>Auf der gro\u00dfen B\u00fchne vor dem Rathaus startet bereits am Samstagnachmittag am 22.September ein Musikfestival mit aufregenden<br \/>\nprofessionellen Acts wie Jazz Lines, Petty Things und der <strong>Flyin\u00b4 Turtles Band<\/strong>.<br \/>\nAls H\u00f6hepunkt st\u00fcrmt die aus Bard\u00fcttingdorf kommende 12-k\u00f6pfige Band \u201evon Weiden\u201c ab 21 Uhr die B\u00fchne.<\/p><\/blockquote>\n<p>Hier der Flyer zum Herbst<strong>Fest<\/strong> Melle 2018 als PDF: <a href=\"https:\/\/flyinturtles.de\/\/images\/\/Melle2018\/FL_Herbstfest_2018.pdf\">Flyer Herbst<strong>Fest<\/strong> Melle 2018<\/a><\/p>\n<p><p class=\"slogan\">FLYIN&#8216; TURTLES &#8211; Country Music Award 2018 in Pullman City bei Passau<\/p><br \/>\n<span style=\"color: #ff00ff;\">(eingestellt am 30.08.2018)<\/span><\/p>\n<div style=\"display: table; width: 100%;\">\n<figure style=\"display: table-cell; padding: 0 4px; text-align: center;\"><img decoding=\"async\" src=\"https:\/\/flyinturtles.de\/\/images\/\/CountryMusicAward2018\/Anzeige.jpg\" \/><figcaption><\/figcaption><\/figure>\n<\/div>\n<p>&nbsp;<\/p>\n<p class=\"slogan\"><em>Musiker aus ganz Europa k\u00e4mpfen um den Sieg<\/em><\/p>\n<blockquote><p>\n&gt;&gt; &#8230; Verschiedene Acts werden abwechselnd in der Music Hall und im Black Bison Saloon um die Platzierungen spielen. F\u00fcr so manche Band war ihre Teilnahme an den Country-Music Awards der vergangenen Jahre das Sprungbrett zu anderen Veranstaltern und Auftritten. Auf die Besucher wartet die ganze Vielfalt von Country Musik, von den alten Klassikern bis hin zu modernen und\u00a0 selbstgeschriebenen Songs. Seit 2001 findet dieses Event im Bayerischen Wald statt. Wie in den letzten Jahren werden auch heuer wieder zahlreiche Country-Musik-K\u00fcnstler die M\u00f6glichkeit nutzen, ihr K\u00f6nnen der breiten \u00d6ffentlichkeit zu pr\u00e4sentieren&#8230;&lt;&lt;<\/p><\/blockquote>\n<blockquote><p>Schon zu Beginn des Jahres haben sich die FLYIN&#8216; TURTLES bei Pullman City in der N\u00e4he von Passau f\u00fcr den Country Music Award 2018 beworben.<\/p>\n<p>Gestern kam endlich die Nominierung. Gemeinsam mit vielen anderen europ\u00e4ischen Countrybands werden die FLYIN&#8216; TURTLES sich am Samstag, den 10.11.2018 in der Music Hall der Country und Westernstadt der Herausforderung stellen.<\/p>\n<p>Die Band wird in der Category &#8218;Country Traditional&#8216; den Wettbewerb bestreiten. Dabei wird es wie bei den Auftritten der FLYIN&#8216; TURTLES \u00fcblich so sein, das die ausgew\u00e4hlten Traditionals im bekannten Turtlesstil frisch und in bekannter Spielfreude von den 4 Gentlemen interpretiert werden.<\/p><\/blockquote>\n<blockquote><p>Von der Jury werden unter anderem folgende Punkte bewertet:<\/p>\n<ul>\n<li>erster pers\u00f6nlicher Eindruck<\/li>\n<li>B\u00fchnenoutfit<\/li>\n<li>Beherrschung der Instrumente<\/li>\n<li>Zusammenspiel und Harmonie<\/li>\n<li>Gesang und Rhythmus<\/li>\n<li>Unterhaltung und Auftreten<\/li>\n<\/ul>\n<\/blockquote>\n<blockquote><p>&#8222;See You at Country Music Award 2018&#8230;&#8220;<\/p><\/blockquote>\n<p><p class=\"slogan\">Lebenszeichen von den FLYIN&#8216; TURTLES<\/p><br \/>\n<span style=\"color: #ff00ff;\">(eingestellt am 22.08.2018)<\/span><\/p>\n<blockquote><p>Zugegebenerma\u00dfen ist es gerade sehr still um die FLYIN&#8216; TURTLES. F\u00fcr unsere Freunde und Fans haben wir deshalb im Proberaum ein Video aufgenommen, welches ihr euch unbedingt hier anschauen solltet. Gerade versuchen wir f\u00fcr die 2te H\u00e4lfte des Jahres noch einige Auftritte zu organisieren. Sicher wird uns das gelingen. Vielleicht m\u00f6chte auch jemand von euch die FLYIN&#8216; TURTLES f\u00fcr eine stimmungsvolle Party buchen? Dann kontaktiert uns.<\/p>\n<p>Am 22.09.2018 spielen die FLYIN&#8217;TURTLES auf dem Herbstfest in Melle. Der Auftritt ist um ca. 20:00 Uhr auf der Hauptb\u00fchne vor dem Rathaus geplant. Die Flying\u2018 Turtles spielen als \u201eCo-Headliner\u201c vor der in Ostwestfalen bekannten Band VON WEIDEN.<\/p><\/blockquote>\n<blockquote><p>Impressionen aus dem Proberaum<\/p><\/blockquote>\n<p><video controls=\"controls\" width=\"320\" height=\"180\"><source src=\"https:\/\/flyinturtles.de\/\/Video\/\/Proben\/Trailer_18_08_2018.mp4\" type=\"video\/mp4\" \/><\/video><\/p>\n<blockquote><p>&#8222;Yeah Haw&#8230;&#8220;<\/p><\/blockquote>\n<p><p class=\"slogan\">Die FLYIN&#8216; TURTLES auf einer privaten Geburtstagsparty in BI Senne<\/p><br \/>\n<span style=\"color: #ff00ff;\">(eingestellt am 17.06.2018)<\/span><\/p>\n<div style=\"display: table; width: 100%;\">\n<figure style=\"display: table-cell; padding: 0 4px; text-align: center;\"><img decoding=\"async\" src=\"https:\/\/flyinturtles.de\/\/ereignisse\/\/gig-09062018\/collage.jpg\" \/><figcaption><\/figcaption><\/figure>\n<\/div>\n<p style=\"display: inline;\"><strong>Partymix \ud83d\ude09<\/strong><\/p>\n<div class=\"sc_fancy_player_container\"><audio class=\"wp-audio-shortcode\" id=\"audio-642-1\" preload=\"none\" style=\"width: 100%;\" controls=\"controls\"><source type=\"audio\/mpeg\" src=\"https:\/\/flyinturtles.de\/\/ereignisse\/\/gig-09062018\/ghost%20riders%20in%20the%20sky.mp3?_=1\" \/><a href=\"https:\/\/flyinturtles.de\/\/ereignisse\/\/gig-09062018\/ghost%20riders%20in%20the%20sky.mp3\">https:\/\/flyinturtles.de\/\/ereignisse\/\/gig-09062018\/ghost%20riders%20in%20the%20sky.mp3<\/a><\/audio><\/div>\n<blockquote><p>\nDie FLYIN&#8217;TURTLES durften am letzten Wochenende auf einer privaten Geburtstagsparty spielen. Das Motto der Party lautete &#8222;Indianer und Cowboys&#8220;. Trotz gr\u00f6\u00dfter Hitze kamen die geladenen G\u00e4ste verkleidet zu der Party und trugen so zu einer besonderen Stimmung bei. Am sp\u00e4ten Abend wurde die W\u00e4rme im Festzelt ertr\u00e4glich, dann wurde auch das Tanzbein zur Musik der FLYIN&#8216; TURTLES geschwungen.<\/p>\n<p>Einen Tag vor der Veranstaltung teilte uns unser Schlagzeuger TOMAHAWK mit, das er den Gig aus gesundheitlichen Gr\u00fcnden nicht mit spielen kann. Was nun dachten wir. Da die FLYIN&#8217;TURTLES ein sehr gutes Verh\u00e4ltnis zu anderen Musikern haben konnten sie TODDY als Schlagzeuger f\u00fcr diesen Gig gewinnen. So war der Auftritt gerettet und wurde zu einem sch\u00f6nen Erlebnis f\u00fcr den Partyveranstalter, dessen G\u00e4ste und die Band. Danke TODDY! Gute Besserung TOMMY!<\/p><\/blockquote>\n<p><p class=\"slogan\">Die FLYIN&#8216; TURTLES unplugged<\/p><br \/>\n<span style=\"color: #ff00ff;\">(eingestellt am 15.04.2018)<\/span><\/p>\n<blockquote><p>\nWie auf unserer Webseite zu lesen ist, sind die FLYIN&#8216; TURTLES auch in der Lage unplugged (also auch ohne gro\u00dfe Verst\u00e4rker) zu spielen. Das bietet sich dann besonders an:<\/p>\n<ul>\n<li>wenn die Location f\u00fcr eine PA zu klein ist,<\/li>\n<li>eine atmosph\u00e4rische Stimmung gew\u00fcnscht ist oder<\/li>\n<li>im Rahmen einer famili\u00e4ren Geburtstagsfeier<\/li>\n<\/ul>\n<\/blockquote>\n<blockquote><p>\nDas durfte die Band gestern Abend auf einer 50er Geburtstagsfeier beweisen. Erg\u00e4nzend zum eigentlichen Country-Programm hat sich der Gastgeber im Vorfeld der Party f\u00fcr sich und seine Frau ein besonderes St\u00fcck von der Band gew\u00fcnscht. Auch das ist mit den  FLYIN&#8216; TURTLES m\u00f6glich und macht dem Veranstalter, dem Publikum und den Bandmitgliedern immer wieder Freude.<\/p><\/blockquote>\n<blockquote><p>Video 1: Unplugged on Birthday Party<\/p><\/blockquote>\n<p><video controls=\"controls\" height=\"180\" width=\"320\"><source src=\"https:\/\/flyinturtles.de\/\/ereignisse\/\/unplugged_042018\/unplugged_042018.mp4\" type=\"video\/mp4\" \/><\/video><\/video><\/p>\n<p>&nbsp;<\/p>\n<p>&nbsp;<\/p>\n<blockquote><p>&#8222;Keep it country&#8230;&#8220;<\/p><\/blockquote>\n<p><p class=\"slogan\">Gute Laune Probewochenende<\/p><br \/>\n<span style=\"color: #ff00ff;\">(eingestellt am 24.03.2018)<\/span><\/p>\n<div style=\"display: table; width: 100%;\">\n<figure style=\"display: table-cell; padding: 0 4px; text-align: center;\"><img decoding=\"async\" src=\"https:\/\/flyinturtles.de\/\/ereignisse\/\/probe-we-032018\/\/bilder\/\/ProbeWE.png\" \/><figcaption><\/figcaption><\/figure>\n<\/div>\n<blockquote><p>An einem fr\u00f6hlichen jedoch nicht minder anstrengenden Probewochenende nahmen alle Bandmitglieder am letzten Wochenende teil. Das kalte Wetter konnte unsere Motivation nicht vertreiben!<\/p>\n<p>Wir haben uns in diesem Jahr einige bedeutende Ziele gesteckt und wollen diese auch erreichen. Im November wollen wir beim &#8222;Country Music Award&#8220; in Pullmann City bei Passau teilnehmen. Auf der anderen Seite wollen wir uns aber auch musikalisch verbessern. Nicht zuletzt dadurch, das die musikalische Integration einer <strong>Pedal Steel Guitar<\/strong> unseren Sound noch besser und interessanter machen wird.<\/p>\n<p>Doch wie das im richtige Leben so ist, ob im Fitnessstudio, bei der Arbeit oder beim Musikmachen: <strong>\u201eVon nichts kommt nichts!\u201c<\/strong>. Da jeder von uns im bisherigen Jahresverlauf auch mit anderen Dingen besch\u00e4ftigt war kam die Probearbeit ein wenig zu kurz. Deshalb dieses Probewochenende. Um die Zeit effektiv zu nutzen wurde daf\u00fcr sogar ein Zeitplan entwickelt in dem genau festgelegt war, wann welche Aktivit\u00e4ten anstehen. Das war neu f\u00fcr die Flying\u2019 Turtles.<\/p>\n<p>Einige Impressionen von diesem Ereignis findest du nun hier.<\/p><\/blockquote>\n<p><!--\n<a href=\"https:\/\/flyinturtles.de\/\/ereignisse\/\/probe-we-032018\/\/video\/FT Proberaum.mp4\"><strong>Video 1: Pause<\/strong><\/a>\n\n<a href=\"https:\/\/https:\/\/flyinturtles.de\/\/ereignisse\/\/probe-we-032018\/\/video\/FT Foggy Bass Mountain.mp4\"><strong>Video 2: Jamming<\/strong><\/a>\n--><\/p>\n<table>\n<tbody>\n<tr>\n<th>\n<blockquote><p>Video 1: Pause<\/p><\/blockquote>\n<p><video controls=\"controls\" width=\"320\" height=\"180\"><source src=\"https:\/\/flyinturtles.de\/\/ereignisse\/\/probe-we-032018\/\/video\/FT Proberaum.mp4\" type=\"video\/mp4\" \/><\/video><\/th>\n<th>\n<blockquote><p>Video 2: Jamming<\/p><\/blockquote>\n<p><video controls=\"controls\" width=\"320\" height=\"180\"><source src=\"https:\/\/flyinturtles.de\/\/ereignisse\/\/probe-we-032018\/\/video\/FT Foggy Bass Mountain.mp4\" type=\"video\/mp4\" \/><\/video><\/th>\n<\/tr>\n<\/tbody>\n<\/table>\n<p>&nbsp;<\/p>\n<blockquote><p>Nebenbei haben wir auch an neuen St\u00fccken geprobt. Hier ein Vorgeschmack.<\/p><\/blockquote>\n<p style=\"display: inline;\"><strong>Proberaummix \ud83d\ude09<\/strong><\/p>\n<div class=\"sc_fancy_player_container\"><audio class=\"wp-audio-shortcode\" id=\"audio-642-2\" preload=\"none\" style=\"width: 100%;\" controls=\"controls\"><source type=\"audio\/mpeg\" src=\"https:\/\/flyinturtles.de\/\/ereignisse\/\/probe-we-032018\/\/music\/FT_Mix_Proberaum.mp3?_=2\" \/><a href=\"https:\/\/flyinturtles.de\/\/ereignisse\/\/probe-we-032018\/\/music\/FT_Mix_Proberaum.mp3\">https:\/\/flyinturtles.de\/\/ereignisse\/\/probe-we-032018\/\/music\/FT_Mix_Proberaum.mp3<\/a><\/audio><\/div>\n<p>&nbsp;<\/p>\n<blockquote><p>&#8222;Keep it country&#8230;&#8220;<\/p><\/blockquote>\n<p><p class=\"slogan\">Das Jahr 2018 hat begonnen<\/p><br \/>\n<span style=\"color: #ff00ff;\">(eingestellt am 14.01.2018)<\/span><\/p>\n<blockquote><p>Wir freuen uns auf das vor uns liegende Jahr 2018. Neue Aufgaben und Ereignisse liegen vor uns. Gemeinsam mit den Veranstaltern planen wir gerade kommende Gigs bei denen hoffentlich weiterhin viele Freunde und Fans der Band anwesend sind.<\/p><\/blockquote>\n<blockquote><p>Wir sehen uns.<br \/>\n&#8222;Yee Haw&#8230;&#8220;<\/p><\/blockquote>\n","protected":false},"excerpt":{"rendered":"<p>(eingestellt am 21.12.2018) Mit einer gemeinsam mit anderen Musikern gestalteten Party im Bielefelder Jazz Club geht das laufende Jahr nun zu Ende. Die FLYIN TURTLES gestalteten gemeinsam mit dem Duo &#8222;Fortezza&#8220;, den &#8222;Booze Brothers&#8220; und Klaus Scharffenorth ein sehr abwechslungsreiches Abendprogramm. Noch einmal duften die FlYIN &hellip; <\/p>\n<p><a href=\"https:\/\/www.flyinturtles.de\/?page_id=642\" class=\"more-link\"><span class=\"morelink-icon\">Weiterlesen<\/span><\/a><\/p>\n","protected":false},"author":1,"featured_media":0,"parent":0,"menu_order":0,"comment_status":"closed","ping_status":"closed","template":"page-templates\/full-width.php","meta":{"footnotes":""},"class_list":["post-642","page","type-page","status-publish","hentry"],"_links":{"self":[{"href":"https:\/\/www.flyinturtles.de\/index.php?rest_route=\/wp\/v2\/pages\/642","targetHints":{"allow":["GET"]}}],"collection":[{"href":"https:\/\/www.flyinturtles.de\/index.php?rest_route=\/wp\/v2\/pages"}],"about":[{"href":"https:\/\/www.flyinturtles.de\/index.php?rest_route=\/wp\/v2\/types\/page"}],"author":[{"embeddable":true,"href":"https:\/\/www.flyinturtles.de\/index.php?rest_route=\/wp\/v2\/users\/1"}],"replies":[{"embeddable":true,"href":"https:\/\/www.flyinturtles.de\/index.php?rest_route=%2Fwp%2Fv2%2Fcomments&post=642"}],"version-history":[{"count":2,"href":"https:\/\/www.flyinturtles.de\/index.php?rest_route=\/wp\/v2\/pages\/642\/revisions"}],"predecessor-version":[{"id":644,"href":"https:\/\/www.flyinturtles.de\/index.php?rest_route=\/wp\/v2\/pages\/642\/revisions\/644"}],"wp:attachment":[{"href":"https:\/\/www.flyinturtles.de\/index.php?rest_route=%2Fwp%2Fv2%2Fmedia&parent=642"}],"curies":[{"name":"wp","href":"https:\/\/api.w.org\/{rel}","templated":true}]}}