{"id":57,"date":"2018-02-18T12:13:29","date_gmt":"2018-02-18T12:13:29","guid":{"rendered":"https:\/\/www.flyinturtles.de\/?page_id=57"},"modified":"2018-02-18T18:27:31","modified_gmt":"2018-02-18T18:27:31","slug":"das-team","status":"publish","type":"page","link":"https:\/\/www.flyinturtles.de\/?page_id=57","title":{"rendered":"Die Band"},"content":{"rendered":"<div id='Team' class='widgets_on_page wop_tiny1  wop_small1  wop_medium1  wop_large1  wop_wide1'>\n\t\t\t<ul><li id=\"dorayaki_team-5\" class=\"widget widget_dorayaki_team\">\n\t\t\t<div class=\"team-box\">\n\t\t\t\t<div class=\"tm-info\">\n\t\t\t\t\t<img decoding=\"async\" src=\"https:\/\/www.flyinturtles.de\/wp-content\/uploads\/2018\/02\/Dirk-240x240.png\" alt=\"Stonewall\" class=\"tm-img\">\n\t\t\t\t\t<div class=\"tm-author\">\n\t\t\t\t\t\t<h4>Stonewall<\/h4>\n\t\t\t\t\t\t<span class=\"tm-pos\">Gesang, Gitarre, Harp, Pedal Steel Gitarre, Banjo<\/span>\n\t\t\t\t\t\t\t<p class=\"tm-text\">Als Multinstrumentalist legt Stonewall die musikalische Basis f\u00fcr den unverwechselbares Sound der Flyin' Turtles.\r\nStonewall hat, genau wie sein langj\u00e4hriger Freund und Musikerkollege Shotgun, schon im Alter von 15 Jahren die ersten Gehversuche als Musiker unternommen. \r\nViele Jahre spielte er den Bass in diversen Rock Bands. Er spielte Rockjazz, Funk und Blues. \r\nNach einer pers\u00f6nlichen, berufsbedingten  Pause landete er wieder bei seinen Wurzeln, dem Blues und Folk. \r\nMit viel Engagement erlernte er \"NEBENBEI\" das Spielen auf der Blues Harp und auf dem 5 Saiten Banjo. \r\nNebenbei merkte er, da\u00df das Blues Harp  Equipment nicht billig und das Spielen  auf diesem, mit \"Kinderimage\" behafteten Instrument, sehr zeitintensiv ist.\r\nGesang, Gitarre, Harp und Banjo das ist die Formel f\u00fcr Country Music. \r\nEs  war nur ein kleiner Schritt dorthin.\r\nUm die musikalische Formel noch komplexer zu machen, besch\u00e4ftigt sich Stonewall aktuell mit dem Spielen auf der Pedal Steel Guitar. Das wird den Sound der Flying' Turtles in Zukunft sehr beeinflussen!<\/p>\n\t\t\t\t\t\t\t\t\t\t\t\t\t\t\t\t\t\t\t<\/div>\n\t\t\t\t<\/div><!-- end .tm-info -->\n\t\t\t\t<div class=\"tm-quote\">\n\t\t\t\t\t<p>Unsere Musik kann die Welt nicht retten, aber sie kann die Stimmung f\u00fcr eine bestimmte Zeit angenehmer machen.<\/p>\n\t\t\t\t<\/div><!-- end .tm-quote -->\n\t\t\t<\/div><!-- end .team-box -->\n\n\t\t <\/li><li id=\"dorayaki_team-2\" class=\"widget widget_dorayaki_team\">\n\t\t\t<div class=\"team-box\">\n\t\t\t\t<div class=\"tm-info\">\n\t\t\t\t\t<img decoding=\"async\" src=\"https:\/\/www.flyinturtles.de\/wp-content\/uploads\/2018\/02\/Winni-240x240.png\" alt=\"Shotgun\" class=\"tm-img\">\n\t\t\t\t\t<div class=\"tm-author\">\n\t\t\t\t\t\t<h4>Shotgun<\/h4>\n\t\t\t\t\t\t<span class=\"tm-pos\">Gesang, Gitarre, Lap Steel, Dobro<\/span>\n\t\t\t\t\t\t\t<p class=\"tm-text\">Shotgun hat, genau wie sein langj\u00e4hriger Freund und Musikerkollege Stonewall, schon im zarten Alter von 15 Lenzen die ersten Gehversuche als Musiker unternommen. W\u00e4hrend seine Kumpels an Mopeds herumfrisierten, qu\u00e4lte er lieber seine Familie und die lieben Nachbarn mit den Kl\u00e4ngen seiner Stromgitarre. \n\nNach diversen, Ausfl\u00fcgen in Rockjazz und Funk, sowie den typischen Wave - Experimenten der 80er, landete Shotgun, nach kurzfristiger kreativer Pause wieder bei seinen Wurzeln, dem Blues und Folk.\n\nEs ist bekanntlich nur ein kleiner Schritt von dort bis zur Countrymusic. Die Sterne die Shotgun letztendlich den Weg in seinen musikalischen Heimathafen wiesen, waren diejenigen Musiker wie: Hank Williams, Gram Parsons und Johnny Cash. Den Spa\u00df und die Liebe zu dieser Musik ist bei ihm auf jedem Gig und jeder B\u00fchne zu sp\u00fcren.\n\nWie ein guter Whisky ist auch seine Stimme gereift und neben seinem groovigen Skiffle auf der Telecaster und seinen frechen aber gef\u00fchlvollen Slides auf der Lap-Steel, ist \"Shotgun\u00b4s Whisky Voice\" nunmal ein unverwechselbares Merkmal der Flyin' Turtles.<\/p>\n\t\t\t\t\t\t\t\t\t\t\t\t\t\t\t\t\t\t\t<\/div>\n\t\t\t\t<\/div><!-- end .tm-info -->\n\t\t\t\t<div class=\"tm-quote\">\n\t\t\t\t\t<p>Drei Akkorde und die Wahrheit, daraus besteht gute Country-Musik.<\/p>\n\t\t\t\t<\/div><!-- end .tm-quote -->\n\t\t\t<\/div><!-- end .team-box -->\n\n\t\t <\/li><li id=\"dorayaki_team-3\" class=\"widget widget_dorayaki_team\">\n\t\t\t<div class=\"team-box\">\n\t\t\t\t<div class=\"tm-info\">\n\t\t\t\t\t<img decoding=\"async\" src=\"https:\/\/www.flyinturtles.de\/wp-content\/uploads\/2018\/02\/Thommy-240x240.png\" alt=\"Tomahawk\" class=\"tm-img\">\n\t\t\t\t\t<div class=\"tm-author\">\n\t\t\t\t\t\t<h4>Tomahawk<\/h4>\n\t\t\t\t\t\t<span class=\"tm-pos\">Gesang, Schlagzeug<\/span>\n\t\t\t\t\t\t\t<p class=\"tm-text\">Auch er begann seine Musikerlaufbahn im jungen Alter von 12 Jahren. War es zu Anfang noch die Trompete, die tagaus tagein gequ\u00e4lt wurde, fand er schnell Spa\u00df am Schlagzeug spielen weil ein Freud genau so ein Instrument im Keller stehen hatte. Bis zum ersten eigenen Schlagzeug dauerte es nun nicht mehr lange, und los ging es dem rest der Familie vollends die Nerven blank zu legen...\r\nMit achtzehn die ersten Erfahrungen in einer Rockband gemacht, folgten in weiteren, meist rocklastigen Combos eine Vielzahl verschiedener Musikrichtungen wie Funk, Reggea, Blues und nat\u00fcrlich auch Country. Mitte der 90` er hat sich dann auch eine sehr ausgepr\u00e4gte Leidenschaft f\u00fcr die Country Music entwickelt, die nat\u00fcrlich auch ausgefallene Shuffle Rhythmen und Beats entstehen lie\u00df. Er hei\u00dft nicht umsonst \"Besenkiller\".\r\n\r\nZusammen mit Shotgun und Stonewall in der Flyin' Turtles Band hat er seit Gr\u00fcndung der Band 2004 einige B\u00fchnenschlachten absolviert. So sehr er den Country und alles Artverwandte liebt, h\u00f6rt er sich immer noch gerne die guten alten Rockst\u00fccke von ACDC an, was Ihn dann letztlich auch dazu gebracht hat, sich ein Drum Set von Sonor zu kaufen, welches Phil Rudd dem Drummer von ACDC gewidmet ist.\r\n\r\nMusik macht man schlie\u00dflich weil es Spa\u00df machen soll, das darf man  auf keinen Fall vergessen!!!<\/p>\n\t\t\t\t\t\t\t\t\t\t\t\t\t\t\t\t\t\t\t<\/div>\n\t\t\t\t<\/div><!-- end .tm-info -->\n\t\t\t\t<div class=\"tm-quote\">\n\t\t\t\t\t<p>Es kann ja nicht schaden ein bisschen Dampf zu machen...<\/p>\n\t\t\t\t<\/div><!-- end .tm-quote -->\n\t\t\t<\/div><!-- end .team-box -->\n\n\t\t <\/li><li id=\"dorayaki_team-4\" class=\"widget widget_dorayaki_team\">\n\t\t\t<div class=\"team-box\">\n\t\t\t\t<div class=\"tm-info\">\n\t\t\t\t\t<img decoding=\"async\" src=\"https:\/\/www.flyinturtles.de\/wp-content\/uploads\/2018\/02\/Peter-240x240.png\" alt=\"Pokerface\" class=\"tm-img\">\n\t\t\t\t\t<div class=\"tm-author\">\n\t\t\t\t\t\t<h4>Pokerface<\/h4>\n\t\t\t\t\t\t<span class=\"tm-pos\">Bass<\/span>\n\t\t\t\t\t\t\t<p class=\"tm-text\">Mit einer Akustikgitarre fing das Musikmachen 1980 an. Schnell wurde die erste Band gegr\u00fcndet. Niemand wollte Bassgitarre spielen. Das hat er dann gemacht. \r\n \r\nAm Anfang waren es K\u00fcnstler wie Bob Dylan, Neil Young, The Band, Johnny Cash, Crosby, Stills & Nash, Leo Kottke, Emmylou Harris, Joan Baez und andere Musiker die ihn begeisterten.\r\nNeben der Gitarre griff er auch zur Bluesharp und versuchte Songs von Bob Dylan und Neil Young nachzuspielen.\r\n \r\nSp\u00e4ter war er \u00fcber viele Jahre hinweg Bassist in einer Coverband die musikalisch breit aufgestellt war.\r\nGemeinsam mit seinen Bandkollegen spielte er Pop, Rock und Countrysongs aus den letzten 5 Jahrzehnten. Musik handgemacht, das war ihm wichtig!\r\n \r\nBei einer 50er\/60er Party entwickelte sich die Idee St\u00fccke mit einem Kontrabass zu begleiten. Dieses gewaltige Instrument fasziniert ihn sehr und ist eine gro\u00dfe Herausforderung f\u00fcr ihn. Nicht nur der Transport, auch das Spielen auf so einem Instrument erfordert viel Kraft und \u00dcbung.\r\n \r\nBei den \"Flyin' Turtles\" ist er zu der Musik \r\nzur\u00fcckgekehrt mit der alles angefangen hat.<\/p>\n\t\t\t\t\t\t\t\t\t\t\t\t\t\t\t\t\t\t\t<\/div>\n\t\t\t\t<\/div><!-- end .tm-info -->\n\t\t\t\t<div class=\"tm-quote\">\n\t\t\t\t\t<p>Music live und handgemacht, das ist mir wichtig!<\/p>\n\t\t\t\t<\/div><!-- end .tm-quote -->\n\t\t\t<\/div><!-- end .team-box -->\n\n\t\t <\/li><\/ul><\/div><!-- widgets_on_page -->\n","protected":false},"excerpt":{"rendered":"","protected":false},"author":1,"featured_media":0,"parent":0,"menu_order":0,"comment_status":"closed","ping_status":"closed","template":"page-templates\/full-width.php","meta":{"footnotes":""},"class_list":["post-57","page","type-page","status-publish","hentry"],"_links":{"self":[{"href":"https:\/\/www.flyinturtles.de\/index.php?rest_route=\/wp\/v2\/pages\/57","targetHints":{"allow":["GET"]}}],"collection":[{"href":"https:\/\/www.flyinturtles.de\/index.php?rest_route=\/wp\/v2\/pages"}],"about":[{"href":"https:\/\/www.flyinturtles.de\/index.php?rest_route=\/wp\/v2\/types\/page"}],"author":[{"embeddable":true,"href":"https:\/\/www.flyinturtles.de\/index.php?rest_route=\/wp\/v2\/users\/1"}],"replies":[{"embeddable":true,"href":"https:\/\/www.flyinturtles.de\/index.php?rest_route=%2Fwp%2Fv2%2Fcomments&post=57"}],"version-history":[{"count":3,"href":"https:\/\/www.flyinturtles.de\/index.php?rest_route=\/wp\/v2\/pages\/57\/revisions"}],"predecessor-version":[{"id":77,"href":"https:\/\/www.flyinturtles.de\/index.php?rest_route=\/wp\/v2\/pages\/57\/revisions\/77"}],"wp:attachment":[{"href":"https:\/\/www.flyinturtles.de\/index.php?rest_route=%2Fwp%2Fv2%2Fmedia&parent=57"}],"curies":[{"name":"wp","href":"https:\/\/api.w.org\/{rel}","templated":true}]}}