{"id":370,"date":"2018-05-09T07:34:03","date_gmt":"2018-05-09T07:34:03","guid":{"rendered":"https:\/\/www.flyinturtles.de\/?page_id=370"},"modified":"2024-01-30T11:11:49","modified_gmt":"2024-01-30T11:11:49","slug":"termine","status":"publish","type":"page","link":"https:\/\/www.flyinturtles.de\/?page_id=370","title":{"rendered":"TERMINE"},"content":{"rendered":"\n<p>Wenn Ihr die FLYIN&#8216; TURTLES &nbsp;live erleben wollt, hier sind die Termine:<\/p>\n\n\n\n<p><strong>Samstag, 27.04.2024 &#8211; Kirschbl\u00fctenfest Enger<\/strong><br>Die FLYIN TURTLES live auf der B\u00fchne auf dem Kirschbl\u00fctenfest in Enger. <br>Samstag den 27.04.2024 um ca. 16:00 Uhr.<br>Wir freuen und drauf!<\/p>\n\n\n\n<div class=\"two\"><strong>FLYIN&#8216; TURTLES &#8230; Music is our passion!<\/strong><\/div>\n\n\n","protected":false},"excerpt":{"rendered":"<p>Wenn Ihr die FLYIN&#8216; TURTLES &nbsp;live erleben wollt, hier sind die Termine: Samstag, 27.04.2024 &#8211; Kirschbl\u00fctenfest EngerDie FLYIN TURTLES live auf der B\u00fchne auf dem Kirschbl\u00fctenfest in Enger. Samstag den 27.04.2024 um ca. 16:00 Uhr.Wir freuen und drauf! FLYIN&#8216; TURTLES &#8230; Music is our passion!<\/p>\n","protected":false},"author":1,"featured_media":0,"parent":0,"menu_order":0,"comment_status":"closed","ping_status":"closed","template":"page-templates\/full-width.php","meta":{"footnotes":""},"class_list":["post-370","page","type-page","status-publish","hentry"],"_links":{"self":[{"href":"https:\/\/www.flyinturtles.de\/index.php?rest_route=\/wp\/v2\/pages\/370","targetHints":{"allow":["GET"]}}],"collection":[{"href":"https:\/\/www.flyinturtles.de\/index.php?rest_route=\/wp\/v2\/pages"}],"about":[{"href":"https:\/\/www.flyinturtles.de\/index.php?rest_route=\/wp\/v2\/types\/page"}],"author":[{"embeddable":true,"href":"https:\/\/www.flyinturtles.de\/index.php?rest_route=\/wp\/v2\/users\/1"}],"replies":[{"embeddable":true,"href":"https:\/\/www.flyinturtles.de\/index.php?rest_route=%2Fwp%2Fv2%2Fcomments&post=370"}],"version-history":[{"count":46,"href":"https:\/\/www.flyinturtles.de\/index.php?rest_route=\/wp\/v2\/pages\/370\/revisions"}],"predecessor-version":[{"id":1047,"href":"https:\/\/www.flyinturtles.de\/index.php?rest_route=\/wp\/v2\/pages\/370\/revisions\/1047"}],"wp:attachment":[{"href":"https:\/\/www.flyinturtles.de\/index.php?rest_route=%2Fwp%2Fv2%2Fmedia&parent=370"}],"curies":[{"name":"wp","href":"https:\/\/api.w.org\/{rel}","templated":true}]}}