{"id":316,"date":"2018-04-04T11:58:55","date_gmt":"2018-04-04T11:58:55","guid":{"rendered":"https:\/\/www.flyinturtles.de\/?page_id=316"},"modified":"2019-01-24T15:47:04","modified_gmt":"2019-01-24T15:47:04","slug":"hoerproben","status":"publish","type":"page","link":"https:\/\/www.flyinturtles.de\/?page_id=316","title":{"rendered":"H\u00f6rproben"},"content":{"rendered":"<div class=\"red-box\">\n<strong>Bitte beachten!<\/strong><br \/>\nDie hier hinterlegten H\u00f6rproben dienen ausschlie\u00dflich zum Zwecke der Eigenpr\u00e4sentation. Sie werden auf dieser Website <strong>kostenfrei<\/strong> zur Verf\u00fcgung gestellt. Mit den H\u00f6rproben werden weder direkte noch indirekte Einnahmen erzielt.<br \/>\nOhne ausdr\u00fcckliche Genehmigung durch die GEMA darf eine weitergehende Verwertung der Musikwerke, die auf dieser Seite zum kostenfreien Streaming zur Verf\u00fcgung stehen, nicht erfolgen. Die Einbindung dieser Inhalte auf anderen Websites in jeglicher Form ist ausdr\u00fccklich untersagt.<\/div>\n<div style=\"display: table; width: 100%;\">\n<figure style=\"display: table-cell; padding: 0 4px; text-align: center;\"><img decoding=\"async\" src=\"https:\/\/flyinturtles.de\/\/images\/\/Musikgeschenk\/Musikgeschenk.png\" \/><figcaption><\/figcaption><\/figure>\n<\/div>\n<blockquote><p>Es ist soweit, wir k\u00f6nnen euch 3 neue Aufnahmen, aufgenommen im Dezember 2017, pr\u00e4sentieren. Wir hoffen die Titel gefallen euch.<\/p><\/blockquote>\n<p style=\"display: inline;\"><strong>Rocky Top<\/strong><\/p>\n<blockquote><p>(Komponist und Textdichter: Bryant, Felice; Originalverlag: House of Bryant Publications, Subverleger: BMG Rights Managment GmbH; Beteiligter: CAE\/IPI)<\/p><\/blockquote>\n<div class=\"sc_fancy_player_container\"><audio class=\"wp-audio-shortcode\" id=\"audio-316-1\" preload=\"none\" style=\"width: 100%;\" controls=\"controls\"><source type=\"audio\/mpeg\" src=\"https:\/\/flyinturtles.de\/\/Audio\/\/Audio%20Aufnahmen%202017\/Rocky%20Top.mp3?_=1\" \/><a href=\"https:\/\/flyinturtles.de\/\/Audio\/\/Audio%20Aufnahmen%202017\/Rocky%20Top.mp3\">https:\/\/flyinturtles.de\/\/Audio\/\/Audio%20Aufnahmen%202017\/Rocky%20Top.mp3<\/a><\/audio><\/div>\n<p>&nbsp;<\/p>\n<p style=\"display: inline;\"><strong>Fallin And Flyin<\/strong><\/p>\n<blockquote><p>(Komponist und Textdichter:Clajk, Guy Charlse &amp; Mckay, Kristin Noelle; Originalverlag: EMI April Music Inc, Subverleger: EMI Music Publishing Germany GmbH)<\/p><\/blockquote>\n<div class=\"sc_fancy_player_container\"><audio class=\"wp-audio-shortcode\" id=\"audio-316-2\" preload=\"none\" style=\"width: 100%;\" controls=\"controls\"><source type=\"audio\/mpeg\" src=\"https:\/\/flyinturtles.de\/\/Audio\/\/Audio%20Aufnahmen%202017\/Falling%20And%20Flying.mp3?_=2\" \/><a href=\"https:\/\/flyinturtles.de\/\/Audio\/\/Audio%20Aufnahmen%202017\/Falling%20And%20Flying.mp3\">https:\/\/flyinturtles.de\/\/Audio\/\/Audio%20Aufnahmen%202017\/Falling%20And%20Flying.mp3<\/a><\/audio><\/div>\n<p>&nbsp;<\/p>\n<p style=\"display: inline;\"><strong>Der 30 Tonner Diesel<\/strong><\/p>\n<blockquote><p>(Komponist und Textdichter: Gabriel, Gunter; Originalverlag: PUMA Musikverlag GmBH; Beteiligter: CAE\/IPI)<\/p><\/blockquote>\n<div class=\"sc_fancy_player_container\"><audio class=\"wp-audio-shortcode\" id=\"audio-316-3\" preload=\"none\" style=\"width: 100%;\" controls=\"controls\"><source type=\"audio\/mpeg\" src=\"https:\/\/flyinturtles.de\/\/Audio\/\/Audio%20Aufnahmen%202017\/Der%2030%20Tonner%20Diesel.mp3?_=3\" \/><a href=\"https:\/\/flyinturtles.de\/\/Audio\/\/Audio%20Aufnahmen%202017\/Der%2030%20Tonner%20Diesel.mp3\">https:\/\/flyinturtles.de\/\/Audio\/\/Audio%20Aufnahmen%202017\/Der%2030%20Tonner%20Diesel.mp3<\/a><\/audio><\/div>\n<p>&nbsp;<\/p>\n<div style=\"display: table; width: 100%;\">\n<figure style=\"display: table-cell; padding: 0 4px; text-align: center;\"><img decoding=\"async\" src=\"https:\/\/flyinturtles.de\/\/images\/\/cd_cover\/CD_Cover.jpg\" \/><figcaption><\/figcaption><\/figure>\n<\/div>\n<blockquote><p>Hier Songs von unserer CD <strong>\u201eThe Invisible Hand\u201c<\/strong>. Viel Spa\u00df beim reinh\u00f6ren!<\/p><\/blockquote>\n<p style=\"display: inline;\"><strong>Shadow On A Dessert Highway<\/strong><\/p>\n<blockquote><p>(Songwriter\/Composer: Flying&#8216; Turtles)<\/p><\/blockquote>\n<div class=\"sc_fancy_player_container\"><audio class=\"wp-audio-shortcode\" id=\"audio-316-4\" preload=\"none\" style=\"width: 100%;\" controls=\"controls\"><source type=\"audio\/mpeg\" src=\"https:\/\/flyinturtles.de\/\/Audio\/01-Shadow-On-A-Dessert-Highway.mp3?_=4\" \/><a href=\"https:\/\/flyinturtles.de\/\/Audio\/01-Shadow-On-A-Dessert-Highway.mp3\">https:\/\/flyinturtles.de\/\/Audio\/01-Shadow-On-A-Dessert-Highway.mp3<\/a><\/audio><\/div>\n<p>&nbsp;<\/p>\n<p style=\"display: inline;\"><strong>Six Days On The Road<\/strong><\/p>\n<blockquote><p>(GEMA-Werk.-Nr: 510832-001 &#8211; Songwriter\/Composer: GREENE, EARL,MONTGOMERY, CARL; Originalverlag: SOUTHERN ARTS MUSIC; Sbb-Verlag: TRIEPKE WERNER MUSIC GMBH)<\/p><\/blockquote>\n<div class=\"sc_fancy_player_container\"><audio class=\"wp-audio-shortcode\" id=\"audio-316-5\" preload=\"none\" style=\"width: 100%;\" controls=\"controls\"><source type=\"audio\/mpeg\" src=\"https:\/\/flyinturtles.de\/\/Audio\/02-Six-Days-On-The-Road.mp3?_=5\" \/><a href=\"https:\/\/flyinturtles.de\/\/Audio\/02-Six-Days-On-The-Road.mp3\">https:\/\/flyinturtles.de\/\/Audio\/02-Six-Days-On-The-Road.mp3<\/a><\/audio><\/div>\n<p>&nbsp;<\/p>\n<p style=\"display: inline;\"><strong>The Mercury Blues<\/strong><\/p>\n<blockquote><p>(GEMA-Werk.-Nr: 438501-001 &#8211; Komponist und Textdichter: DOUGLAS, K C, GEDDINS, ROBERT L; Originalverlag: B FLAT PUBLISHING CO;  Sub-Verleger: BMG RIGHTS MANAGEMENT GMBH)<\/p><\/blockquote>\n<div class=\"sc_fancy_player_container\"><audio class=\"wp-audio-shortcode\" id=\"audio-316-6\" preload=\"none\" style=\"width: 100%;\" controls=\"controls\"><source type=\"audio\/mpeg\" src=\"https:\/\/flyinturtles.de\/\/Audio\/03-Mercury-Blues.mp3?_=6\" \/><a href=\"https:\/\/flyinturtles.de\/\/Audio\/03-Mercury-Blues.mp3\">https:\/\/flyinturtles.de\/\/Audio\/03-Mercury-Blues.mp3<\/a><\/audio><\/div>\n<p>&nbsp;<\/p>\n<p style=\"display: inline;\">Calling You<strong>Calling You<\/strong><\/p>\n<blockquote><p>(GEMA-Werk.-Nr: 878437-001 &#8211; Songwriter\/Composer: Williams Hank;Current Affiliation: BMI; Publishers SONY, ATV ACUFF ROSE MUSIC)<\/p><\/blockquote>\n<div class=\"sc_fancy_player_container\"><audio class=\"wp-audio-shortcode\" id=\"audio-316-7\" preload=\"none\" style=\"width: 100%;\" controls=\"controls\"><source type=\"audio\/mpeg\" src=\"https:\/\/flyinturtles.de\/\/Audio\/04-Calling-You.mp3?_=7\" \/><a href=\"https:\/\/flyinturtles.de\/\/Audio\/04-Calling-You.mp3\">https:\/\/flyinturtles.de\/\/Audio\/04-Calling-You.mp3<\/a><\/audio><\/div>\n<p>&nbsp;<\/p>\n<p style=\"display: inline;\"><strong>Farewell Confession<\/strong><\/p>\n<blockquote><p>(Songwriter\/Composer: Flying&#8216; Turtles)<\/p><\/blockquote>\n<div class=\"sc_fancy_player_container\"><audio class=\"wp-audio-shortcode\" id=\"audio-316-8\" preload=\"none\" style=\"width: 100%;\" controls=\"controls\"><source type=\"audio\/mpeg\" src=\"https:\/\/flyinturtles.de\/\/Audio\/05-Farewell-Confession.mp3?_=8\" \/><a href=\"https:\/\/flyinturtles.de\/\/Audio\/05-Farewell-Confession.mp3\">https:\/\/flyinturtles.de\/\/Audio\/05-Farewell-Confession.mp3<\/a><\/audio><\/div>\n<p>&nbsp;<\/p>\n<p style=\"display: inline;\"><strong>Brown Eyes<\/strong><\/p>\n<blockquote><p>(Songwriter\/Composer: Gram Parsons)<\/p><\/blockquote>\n<div class=\"sc_fancy_player_container\"><audio class=\"wp-audio-shortcode\" id=\"audio-316-9\" preload=\"none\" style=\"width: 100%;\" controls=\"controls\"><source type=\"audio\/mpeg\" src=\"https:\/\/flyinturtles.de\/\/Audio\/06-Brown-Eyes.mp3?_=9\" \/><a href=\"https:\/\/flyinturtles.de\/\/Audio\/06-Brown-Eyes.mp3\">https:\/\/flyinturtles.de\/\/Audio\/06-Brown-Eyes.mp3<\/a><\/audio><\/div>\n<p>&nbsp;<\/p>\n<p style=\"display: inline;\"><strong>Lost Highway<\/strong><\/p>\n<blockquote><p>(GEMA-Werk.-Nr: 721042-001 &#8211; Songwriter\/Composer: PAYNE LEON; Originalverlag: ACUFF ROSE MUSIC INC; Subverleger: SONY ATV SONGS LLC, SONY\/ATV MUSIC PUBLISHING LLC, SONY ATV MUSIC PUBLISHING (GERMANY) GMBH)<\/p><\/blockquote>\n<div class=\"sc_fancy_player_container\"><audio class=\"wp-audio-shortcode\" id=\"audio-316-10\" preload=\"none\" style=\"width: 100%;\" controls=\"controls\"><source type=\"audio\/mpeg\" src=\"https:\/\/flyinturtles.de\/\/Audio\/07-Lost-Highway.mp3?_=10\" \/><a href=\"https:\/\/flyinturtles.de\/\/Audio\/07-Lost-Highway.mp3\">https:\/\/flyinturtles.de\/\/Audio\/07-Lost-Highway.mp3<\/a><\/audio><\/div>\n<p>&nbsp;<\/p>\n<p style=\"display: inline;\"><strong>Wreck Of The Ol 97<\/strong><\/p>\n<blockquote><p>(GEMA-Werk.-Nr: 398889-002 &#8211; Songwriter\/Composer: DP; Originalverlag: CASH JOHNNY MUSIC INC, Subverleger: WARNER\/CHAPPELL MUSIC GERMANY GMBH, HILL AND RANGE SOUTHWIND MUS S A)<\/p><\/blockquote>\n<div class=\"sc_fancy_player_container\"><audio class=\"wp-audio-shortcode\" id=\"audio-316-11\" preload=\"none\" style=\"width: 100%;\" controls=\"controls\"><source type=\"audio\/mpeg\" src=\"https:\/\/flyinturtles.de\/\/Audio\/09-Wreck-Of-The-Ol-97.mp3?_=11\" \/><a href=\"https:\/\/flyinturtles.de\/\/Audio\/09-Wreck-Of-The-Ol-97.mp3\">https:\/\/flyinturtles.de\/\/Audio\/09-Wreck-Of-The-Ol-97.mp3<\/a><\/audio><\/div>\n<p>&nbsp;<\/p>\n<p style=\"display: inline;\">Falsom Prison Blues<strong><\/strong><\/p>\n<blockquote><p>(GEMA-Werk.-Nr: 397924-001 &#8211; Songwriter\/ComposerJohnny Cash; Originalverlag: HI-LO MUSIC INC; Subverlag: WARNER\/CHAPPELL MUSIC GERMANY GMBH, HILL AND RANGE SONGS INC)<\/p><\/blockquote>\n<div class=\"sc_fancy_player_container\"><audio class=\"wp-audio-shortcode\" id=\"audio-316-12\" preload=\"none\" style=\"width: 100%;\" controls=\"controls\"><source type=\"audio\/mpeg\" src=\"https:\/\/flyinturtles.de\/\/Audio\/08-Falsom-Prison-Blues.mp3?_=12\" \/><a href=\"https:\/\/flyinturtles.de\/\/Audio\/08-Falsom-Prison-Blues.mp3\">https:\/\/flyinturtles.de\/\/Audio\/08-Falsom-Prison-Blues.mp3<\/a><\/audio><\/div>\n<p>&nbsp;<\/p>\n<p style=\"display: inline;\"><strong>Truck Driving Man<\/strong><\/p>\n<blockquote><p>(GEMA-Werk.-Nr: 460853-001 v\/Composer: FELL, TERRY; Originalverlag: AMERICAN-DIVISION-E-PRESLEY-RUMBALE; Subverleger:CAMPBELL CONNELLY AND CO LTD, BOSWORTH MUSIC GMBH, CROSS MUSIC LTD)<\/p><\/blockquote>\n<div class=\"sc_fancy_player_container\"><audio class=\"wp-audio-shortcode\" id=\"audio-316-13\" preload=\"none\" style=\"width: 100%;\" controls=\"controls\"><source type=\"audio\/mpeg\" src=\"https:\/\/flyinturtles.de\/\/Audio\/10-Truck-Driving-Man.mp3?_=13\" \/><a href=\"https:\/\/flyinturtles.de\/\/Audio\/10-Truck-Driving-Man.mp3\">https:\/\/flyinturtles.de\/\/Audio\/10-Truck-Driving-Man.mp3<\/a><\/audio><\/div>\n<p>&nbsp;<\/p>\n<p style=\"display: inline;\"><strong>Big River<\/strong><\/p>\n<blockquote><p>(GEMA-Werk.-Nr: 397638-001 &#8211; Songwriter\/ComposerJohnny Cash; Originalverlag: HI-LO MUSIC INC; Subverleger: WARNER\/CHAPPELL MUSIC GERMANY GMBH, HILL AND RANGE SONGS INC)<\/p><\/blockquote>\n<div class=\"sc_fancy_player_container\"><audio class=\"wp-audio-shortcode\" id=\"audio-316-14\" preload=\"none\" style=\"width: 100%;\" controls=\"controls\"><source type=\"audio\/mpeg\" src=\"https:\/\/flyinturtles.de\/\/Audio\/11-Big-River.mp3?_=14\" \/><a href=\"https:\/\/flyinturtles.de\/\/Audio\/11-Big-River.mp3\">https:\/\/flyinturtles.de\/\/Audio\/11-Big-River.mp3<\/a><\/audio><\/div>\n<p>&nbsp;<\/p>\n<p style=\"display: inline;\">Guitar Man<strong><\/strong><\/p>\n<blockquote><p>(Songwriter\/Composer: HUBBARD JERRY; Puplishers: SIXTEEN STARS MUSIC; CURRENT AFFILIATION: BMI)<\/p><\/blockquote>\n<div class=\"sc_fancy_player_container\"><audio class=\"wp-audio-shortcode\" id=\"audio-316-15\" preload=\"none\" style=\"width: 100%;\" controls=\"controls\"><source type=\"audio\/mpeg\" src=\"https:\/\/flyinturtles.de\/\/Audio\/12-Guitar-Man.mp3?_=15\" \/><a href=\"https:\/\/flyinturtles.de\/\/Audio\/12-Guitar-Man.mp3\">https:\/\/flyinturtles.de\/\/Audio\/12-Guitar-Man.mp3<\/a><\/audio><\/div>\n","protected":false},"excerpt":{"rendered":"<p>Es ist soweit, wir k\u00f6nnen euch 3 neue Aufnahmen, aufgenommen im Dezember 2017, pr\u00e4sentieren. Wir hoffen die Titel gefallen euch. Rocky Top (Komponist und Textdichter: Bryant, Felice; Originalverlag: House of Bryant Publications, Subverleger: BMG Rights Managment GmbH; Beteiligter: CAE\/IPI) &nbsp; Fallin And Flyin (Komponist und Textdichter:Clajk, &hellip; <\/p>\n<p><a href=\"https:\/\/www.flyinturtles.de\/?page_id=316\" class=\"more-link\"><span class=\"morelink-icon\">Weiterlesen<\/span><\/a><\/p>\n","protected":false},"author":1,"featured_media":0,"parent":0,"menu_order":0,"comment_status":"closed","ping_status":"closed","template":"page-templates\/full-width.php","meta":{"footnotes":""},"class_list":["post-316","page","type-page","status-publish","hentry"],"_links":{"self":[{"href":"https:\/\/www.flyinturtles.de\/index.php?rest_route=\/wp\/v2\/pages\/316","targetHints":{"allow":["GET"]}}],"collection":[{"href":"https:\/\/www.flyinturtles.de\/index.php?rest_route=\/wp\/v2\/pages"}],"about":[{"href":"https:\/\/www.flyinturtles.de\/index.php?rest_route=\/wp\/v2\/types\/page"}],"author":[{"embeddable":true,"href":"https:\/\/www.flyinturtles.de\/index.php?rest_route=\/wp\/v2\/users\/1"}],"replies":[{"embeddable":true,"href":"https:\/\/www.flyinturtles.de\/index.php?rest_route=%2Fwp%2Fv2%2Fcomments&post=316"}],"version-history":[{"count":21,"href":"https:\/\/www.flyinturtles.de\/index.php?rest_route=\/wp\/v2\/pages\/316\/revisions"}],"predecessor-version":[{"id":322,"href":"https:\/\/www.flyinturtles.de\/index.php?rest_route=\/wp\/v2\/pages\/316\/revisions\/322"}],"wp:attachment":[{"href":"https:\/\/www.flyinturtles.de\/index.php?rest_route=%2Fwp%2Fv2%2Fmedia&parent=316"}],"curies":[{"name":"wp","href":"https:\/\/api.w.org\/{rel}","templated":true}]}}