{"id":120,"date":"2018-02-21T17:32:41","date_gmt":"2018-02-21T17:32:41","guid":{"rendered":"https:\/\/www.flyinturtles.de\/?page_id=120"},"modified":"2018-02-21T18:15:02","modified_gmt":"2018-02-21T18:15:02","slug":"stage-rider","status":"publish","type":"page","link":"https:\/\/www.flyinturtles.de\/?page_id=120","title":{"rendered":"Stage Rider"},"content":{"rendered":"<blockquote><p>\nHier finden Veranstalter einen B\u00fchnenplan. Er gibt dar\u00fcber Auskunft wie gro\u00df die Aufstellfl\u00e4che sein soll und was an Anschl\u00fcssen ben\u00f6tigt wird.\n<\/p><\/blockquote>\n<p><img decoding=\"async\" src=\"https:\/\/flyinturtles.de\/images\/StageRider\/StageRider.JPG\" alt=\"stagerider\" \/><\/p>\n<p class=\"slogan\">Fl\u00e4che<\/p>\n<blockquote><p>\nmind. 4 Meter Tief x 6 Meter Breit\n<\/p><\/blockquote>\n<p class=\"slogan\">Drums<\/p>\n<blockquote><p>\nMikrofone f\u00fcr Snare, Bass Drum, 3x Toms und 2 x Overhead\n<\/p><\/blockquote>\n<p class=\"slogan\">Guitars<\/p>\n<blockquote><p>\nGuitar1: Mikrofon f\u00fcr Verst\u00e4rker<br \/>\nGuitar2: Line Out oder Mikrofon f\u00fcr Verst\u00e4rker<br \/>\nBass Guitar: Line Out\n<\/p><\/blockquote>\n<p class=\"slogan\">Vocals<\/p>\n<blockquote><p>\nLead Vocals 1: Mikrofon<br \/>\nLead Vocals 2: Mikrofon<br \/>\nBacking Vocals 1: Mikrofon\n<\/p><\/blockquote>\n<p class=\"slogan\">Monitoring<\/p>\n<blockquote><p>\nMonitor 1: Mixdown<br \/>\nMonitor 2: Mixdown<br \/>\nMonitor 3: Mixdown<br \/>\nMonitor 4: Mixdown\n<\/p><\/blockquote>\n<p>Hier kannst du den Stage Rider als PDF &#8211; File anschauen und runter laden: <a href=\"https:\/\/flyinturtles.de\/images\/StageRider\/StageRider.pdf\">StageRider<\/a><\/p>\n","protected":false},"excerpt":{"rendered":"<p>Hier finden Veranstalter einen B\u00fchnenplan. Er gibt dar\u00fcber Auskunft wie gro\u00df die Aufstellfl\u00e4che sein soll und was an Anschl\u00fcssen ben\u00f6tigt wird. mind. 4 Meter Tief x 6 Meter Breit Mikrofone f\u00fcr Snare, Bass Drum, 3x Toms und 2 x Overhead Guitar1: Mikrofon f\u00fcr Verst\u00e4rker Guitar2: Line &hellip; <\/p>\n<p><a href=\"https:\/\/www.flyinturtles.de\/?page_id=120\" class=\"more-link\"><span class=\"morelink-icon\">Weiterlesen<\/span><\/a><\/p>\n","protected":false},"author":1,"featured_media":0,"parent":0,"menu_order":0,"comment_status":"closed","ping_status":"closed","template":"page-templates\/full-width.php","meta":{"footnotes":""},"class_list":["post-120","page","type-page","status-publish","hentry"],"_links":{"self":[{"href":"https:\/\/www.flyinturtles.de\/index.php?rest_route=\/wp\/v2\/pages\/120","targetHints":{"allow":["GET"]}}],"collection":[{"href":"https:\/\/www.flyinturtles.de\/index.php?rest_route=\/wp\/v2\/pages"}],"about":[{"href":"https:\/\/www.flyinturtles.de\/index.php?rest_route=\/wp\/v2\/types\/page"}],"author":[{"embeddable":true,"href":"https:\/\/www.flyinturtles.de\/index.php?rest_route=\/wp\/v2\/users\/1"}],"replies":[{"embeddable":true,"href":"https:\/\/www.flyinturtles.de\/index.php?rest_route=%2Fwp%2Fv2%2Fcomments&post=120"}],"version-history":[{"count":9,"href":"https:\/\/www.flyinturtles.de\/index.php?rest_route=\/wp\/v2\/pages\/120\/revisions"}],"predecessor-version":[{"id":135,"href":"https:\/\/www.flyinturtles.de\/index.php?rest_route=\/wp\/v2\/pages\/120\/revisions\/135"}],"wp:attachment":[{"href":"https:\/\/www.flyinturtles.de\/index.php?rest_route=%2Fwp%2Fv2%2Fmedia&parent=120"}],"curies":[{"name":"wp","href":"https:\/\/api.w.org\/{rel}","templated":true}]}}