{"id":118,"date":"2018-02-21T17:32:02","date_gmt":"2018-02-21T17:32:02","guid":{"rendered":"https:\/\/www.flyinturtles.de\/?page_id=118"},"modified":"2018-02-21T18:26:09","modified_gmt":"2018-02-21T18:26:09","slug":"impressum","status":"publish","type":"page","link":"https:\/\/www.flyinturtles.de\/?page_id=118","title":{"rendered":"Impressum"},"content":{"rendered":"<h2 class=\"centered\"><span>Hinweise<\/span><\/h2>\n<blockquote><p>\nF\u00fcr Internetseiten Dritter, auf die unsere Internetseiten verweisen, haften die jeweiligen Anbieter. \u201eThe Flying&#8217;Turtles Band\u201c ist f\u00fcr den Inhalt der Internetseiten, die aufgrund einer solchen Verbindung erreicht werden, nicht verantwortlich und \u00fcbernimmt insoweit keine Haftung.<br \/>\nAlle Angaben ohne Gew\u00e4hr, Fehler und Irrt\u00fcmer vorbehalten. Dies gilt f\u00fcr alle unsere Internetseiten.\n<\/p><\/blockquote>\n<h2 class=\"centered\"><span>Links<\/span><\/h2>\n<blockquote><p>\n&#8222;The Flying&#8217;Turtles Band&#8220; ist als Inhaltsanbieter f\u00fcr die eigenen Inhalte, die es zur Nutzung bereith\u00e4lt, nach den allgemeinen Gesetzen verantwortlich. Von diesen eigenen Inhalten sind Querverweise (&#8222;Links&#8220;) auf die von anderen Anbietern bereitgehaltenen Inhalte zu unterscheiden. Durch den Querverweis h\u00e4lt &#8222;The Flying&#8217;Turtles Band&#8220; insofern &#8222;fremde Inhalte&#8220; zur Nutzung bereit, die in dieser Weise gekennzeichnet sind: Link. F\u00fcr diese fremden Inhalte ist &#8222;The Flying&#8217;Turtles Band&#8220; nur dann verantwortlich, wenn von ihnen (d.h. auch von einem rechtswidrigen bzw. strafbaren Inhalt) positive Kenntnis vorliegt und es technisch m\u00f6glich und zumutbar ist, deren Nutzung zu verhindern (\u00a75 Abs.2 TDG).<br \/>\nBei &#8222;Links&#8220; handelt es sich allerdings stets um &#8222;lebende&#8220; (dynamische) Verweisungen. &#8222;The Flying&#8217;Turtles Band&#8220; hat bei der erstmaligen selbst durchgef\u00fchrten Verkn\u00fcpfung zwar den fremden Inhalt daraufhin \u00fcberpr\u00fcft, ob durch ihn eine m\u00f6gliche zivilrechtliche oder strafrechtliche Verantwortlichkeit ausgel\u00f6st wird. Der Inhaltsanbieter ist aber nach dem TDG nicht dazu verpflichtet, die Inhalte, auf die er in seinem Angebot verweist, st\u00e4ndig auf Ver\u00e4nderungen zu \u00fcberpr\u00fcfen, die eine Verantwortlichkeit neu begr\u00fcnden k\u00f6nnten. Erst wenn er feststellt oder von anderen darauf hingewiesen wird, da\u00df ein konkretes Angebot, zu dem er einen Link bereitgestellt hat, eine zivil- oder strafrechtliche Verantwortlichkeit ausl\u00f6st, wird er den Verweis auf dieses Angebot aufheben, soweit ihm dies technisch m\u00f6glich und zumutbar ist. Die technische M\u00f6glichkeit und Zumutbarkeit wird nicht dadurch beeinflu\u00dft, da\u00df auch nach Unterbindung des Zugriffs von der &#8222;The Flying&#8217;Turtles Band&#8220;-Homepage von anderen Servern aus auf das rechtswidrige oder strafbare Angebot zugegriffen werden kann (http:\/\/www.datenschutz-berlin.de\/).\n<\/p><\/blockquote>\n<h2 class=\"centered\"><span>Abschlie\u00dfendes<\/span><\/h2>\n<blockquote><p>\nSollte hier in irgendeiner Form ein Versto\u00df gegen geltendes Recht vorliegen bzw. Links auf strafbare Inhalte f\u00fchren, wird die entsprechende Grafik, der Text, Link oder Sonstiges schnellstm\u00f6glichst von dieser Domain entfernt. Eine entsprechende Benachrichtigung ggf. mit Angabe von Beweisen ist w\u00fcnschenswert und hilfreich.\n<\/p><\/blockquote>\n","protected":false},"excerpt":{"rendered":"<p>F\u00fcr Internetseiten Dritter, auf die unsere Internetseiten verweisen, haften die jeweiligen Anbieter. \u201eThe Flying&#8217;Turtles Band\u201c ist f\u00fcr den Inhalt der Internetseiten, die aufgrund einer solchen Verbindung erreicht werden, nicht verantwortlich und \u00fcbernimmt insoweit keine Haftung. Alle Angaben ohne Gew\u00e4hr, Fehler und Irrt\u00fcmer vorbehalten. Dies gilt f\u00fcr &hellip; <\/p>\n<p><a href=\"https:\/\/www.flyinturtles.de\/?page_id=118\" class=\"more-link\"><span class=\"morelink-icon\">Weiterlesen<\/span><\/a><\/p>\n","protected":false},"author":1,"featured_media":0,"parent":0,"menu_order":0,"comment_status":"closed","ping_status":"closed","template":"page-templates\/full-width.php","meta":{"footnotes":""},"class_list":["post-118","page","type-page","status-publish","hentry"],"_links":{"self":[{"href":"https:\/\/www.flyinturtles.de\/index.php?rest_route=\/wp\/v2\/pages\/118","targetHints":{"allow":["GET"]}}],"collection":[{"href":"https:\/\/www.flyinturtles.de\/index.php?rest_route=\/wp\/v2\/pages"}],"about":[{"href":"https:\/\/www.flyinturtles.de\/index.php?rest_route=\/wp\/v2\/types\/page"}],"author":[{"embeddable":true,"href":"https:\/\/www.flyinturtles.de\/index.php?rest_route=\/wp\/v2\/users\/1"}],"replies":[{"embeddable":true,"href":"https:\/\/www.flyinturtles.de\/index.php?rest_route=%2Fwp%2Fv2%2Fcomments&post=118"}],"version-history":[{"count":5,"href":"https:\/\/www.flyinturtles.de\/index.php?rest_route=\/wp\/v2\/pages\/118\/revisions"}],"predecessor-version":[{"id":138,"href":"https:\/\/www.flyinturtles.de\/index.php?rest_route=\/wp\/v2\/pages\/118\/revisions\/138"}],"wp:attachment":[{"href":"https:\/\/www.flyinturtles.de\/index.php?rest_route=%2Fwp%2Fv2%2Fmedia&parent=118"}],"curies":[{"name":"wp","href":"https:\/\/api.w.org\/{rel}","templated":true}]}}