{"id":1033,"date":"2023-02-19T12:42:51","date_gmt":"2023-02-19T12:42:51","guid":{"rendered":"https:\/\/www.flyinturtles.de\/?page_id=1033"},"modified":"2023-02-19T12:42:51","modified_gmt":"2023-02-19T12:42:51","slug":"2022-2","status":"publish","type":"page","link":"https:\/\/www.flyinturtles.de\/?page_id=1033","title":{"rendered":"2022"},"content":{"rendered":"<p><p class=\"slogan\">FLYIN&#8216; TURTLES &#8211; Fotosession (Halle Westfalen) 2022<\/p><br \/>\n<span style=\"color: #ff00ff;\">(eingestellt am 28.09.2022)<\/span><\/p>\n<blockquote><p>Im August machten die Flyin&#8216; Turtles eine Fotosession. Keine Kosten und keine Aufw\u00e4nde wurden hierf\u00fcr gescheut. Ein 1924 Ford T und der Blick auf Halle Westfalen bildeten die geeignete Kulisse f\u00fcr dieses Event. Die Flyin&#8216; Turtles selbst, waren bei dieser Kulisse nur noch das letzte i-T\u00fcpfelchen f\u00fcr die sch\u00f6nen, gelungene Fotos.  Hier seht ihr in einer kurzen Diashow das Ergebnis der Fotosession.<\/p><\/blockquote>\n<p><video controls=\"controls\" width=\"640\" height=\"360\"><source src=\"https:\/\/flyinturtles.de\/\/Video\/\/Gigs\/FT_Fotosession_2022.mp4\" type=\"video\/mp4\"><\/video><\/p>\n<blockquote><p>&#8222;Yee Haw&#8230;&#8220;<\/p><\/blockquote>\n<p><p class=\"slogan\">FLYIN&#8216; TURTLES &#8211; Rolfs Geburtstag &#8211; Barkhausen (Bad Essen) 2022<\/p><br \/>\n<span style=\"color: #ff00ff;\">(eingestellt am 12.06.2022)<\/span><\/p>\n<blockquote><p>Als vor 150 Millionen Jahren bei uns tropisches Klima herrschte, hatten die Dinosaurier das Sagen. Im Zeitalter des Oberjura liefen im heutigen Wiehengebirge bei Barkhausen mindestens elf Saurier \u00fcber eine zeitweise \u00fcberflutete Sandbank und haben dabei ihre Spuren hinterlassen.<br \/>\nGestern am 11.06.2022 taten es die FLYIN&#8216; TURTLES den Sauriern gleich. Sie durften in Barkhausen auf einem 60. Geburtstag in freier Manier spielen und ihre Spuren hinterlassen. Unkompliziert pr\u00e4sentierten sie ihre Musik im eigenen Turtlessound. Eigentlich sollte es f\u00fcr das Publikum ein &#8222;knallendes&#8220; Erlebnis werden. Doch unser Drummer TOMAHAWK war kurzfristig erkrankt und konnte leider nicht mitspielen.<br \/>\nErsatz haben wir auf die Schnelle nicht finden k\u00f6nnen. Trotzdem haben die Turtles gemeinsam mit dem Gastgeber nach einer M\u00f6glichkeit gesucht die lang geplante Geburtstagsveranstaltung nicht platzen zu lassen. So haben die Turtles ihr Programm in der Weise zurecht geschnitten, das sie auch ohne Drummer eine Vielzahl an St\u00fccken spielen konnten. Doch wie es manchmal so ist, tritt unverhofft die Gl\u00fccksfee ein. Unter den Geburtstagsg\u00e4sten gab es eine Person, die Schlagzeug spielen konnte. Schnell wurde ein Schlagwerk, ein Cajon organisiert und Joe \u00fcbernahm mit gro\u00dfer Freude und viel K\u00f6nnen die Rolle das Drummers. Das hat uns und dem Publikum viel Freude gemacht!<br \/>\nWir wurden von den Gastgebern sehr herzlich empfangen und k\u00f6stlich versorgt. Gern kommen wir mit unserer Musik wieder nach Barkhausen. Der Geburtstag war in vorbildlicher Weise organisiert!<\/p><\/blockquote>\n<blockquote><p>\n<video controls=\"controls\" width=\"640\" height=\"360\"><source src=\"https:\/\/flyinturtles.de\/\/Video\/\/Gigs\/Rolfs_Geburtstag_2022.mp4\" type=\"video\/mp4\"><\/video><\/p><\/blockquote>\n<blockquote><p>Vielen Dank f\u00fcr diesen sch\u00f6nen Abend!<br \/>\n&#8222;Yee Haw&#8230;&#8220;<\/p><\/blockquote>\n<p><p class=\"slogan\">FLYIN&#8216; TURTLES &#8211; G\u00fctersloh Dreieckplatz 2022 &#8211; Freitag18<\/p><br \/>\n<span style=\"color: #ff00ff;\">(eingestellt am 26.05.2022)<\/span><\/p>\n<blockquote><p>Im Rahmen der Veranstaltungsreihe Freitag18 auf dem G\u00fctersloher Dreiecksplatz aufzutreten ist immer ein besonderes Erlebnis. Dazu hatten wir die Gelegenheit am 13. Mai 2022. Wir haben bemerkt das die Menschen sich regelrecht nach Kultur und Musik sehnen. Das zeigte sich vor allem durch die Menge der Zuschauer und wie das Publikum auf das Programm der FLYIN&#8216; Turtles reagierte. So kamen die doch oft nicht so gespr\u00e4chigen Ostwestfalen bei dem Song &#8222;30 Tonner Diesel&#8220; von Gunter Gabriel so in Stimmung, das die Mehrheit der Besucher den Refrain mitsang.<\/p><\/blockquote>\n<blockquote><p>Ein Besucher schrieb: <em>&#8222;Die Homage an Gunter Gabriel war sehr sympathisch.&#8220;<\/em><\/p><\/blockquote>\n<blockquote><p>Impressionen vom G\u00fctersloher Dreiecksplatz 2022<\/p><\/blockquote>\n<blockquote><p>\n<video controls=\"controls\" width=\"640\" height=\"360\"><source src=\"https:\/\/flyinturtles.de\/\/Video\/\/Gigs\/Dreiecksplatz2022.mp4\" type=\"video\/mp4\"><\/video><\/p><\/blockquote>\n<blockquote><p>Holger Rinne schrieb:<br \/>\n<em>&#8222;Mittlerweile wissen wir, was die Herren im Tee hatten, als sie sich die &#8222;Fliegenden Schildkr\u00f6ten&#8220; nannten. Der Tennesee-Whiskey ist echt und ihr Markenzeichen geworden, habe ich mir von ihnen erz\u00e4hlen lassen. Die &#8222;schweren&#8220; Jungs brachten am Freitag den Dreiecksplatz zum Fliegen. M\u00f6glicherweise auch durch das eine oder andere Feierabendgetr\u00e4nk, aber ganz sicher durch ihre tolle Musik. Danke Ihr f\u00fcnf, dass Ihr da wart.&#8220;<\/em><\/p><\/blockquote>\n<div style=\"display: table; width: 100%;\">\n<figure style=\"display: table-cell; padding: 0 4px; text-align: center;\"><img decoding=\"async\" src=\"https:\/\/flyinturtles.de\/\/images\/\/Dreiecksplatz2022\/Dreiecksplatz1.jpg\"><\/figure>\n<\/div>\n<div style=\"display: table; width: 100%;\">\n<figure style=\"display: table-cell; padding: 0 4px; text-align: center;\"><img decoding=\"async\" src=\"https:\/\/flyinturtles.de\/\/images\/\/Dreiecksplatz2022\/Dreiecksplatz2.jpg\"><\/figure>\n<\/div>\n<blockquote><p>Vielen Dank an die Veranstaltungsleitung f\u00fcr diesen sch\u00f6nen Auftritt und die super Kritik.<br \/>\n&#8222;Yee Haw&#8230;&#8220;<\/p><\/blockquote>\n<p><p class=\"slogan\">FLYIN&#8216; TURTLES &#8211; Kirschbl\u00fctenfest Enger 2022 &#8211; ein Riesenerfolg f\u00fcr alle Beteiligten<\/p><br \/>\n<span style=\"color: #ff00ff;\">(eingestellt am 26.05.2022)<\/span><\/p>\n<blockquote><p>Das war ein rauschendes Kirschbl\u00fctenfest. Mit so immens vielen Besuchern hatte selbst der Kultur- und Verkehrsverein nicht gerechnet. \u201eAlle drei Tage waren gleicherma\u00dfen sehr gut besucht\u201c, zieht Vorsitzende Daniela Dembert Bilanz.<\/p><\/blockquote>\n<div style=\"display: table; width: 100%;\">\n<figure style=\"display: table-cell; padding: 0 4px; text-align: center;\"><img decoding=\"async\" src=\"https:\/\/flyinturtles.de\/\/images\/\/Enger2022\/Enger2022.jpg\"><\/figure>\n<\/div>\n<blockquote><p>Die FLYIN&#8216; TURTLES haben zur\u00fcckliegend 2019 schon einmal auf dem Kirschbl\u00fctenfest gespielt und konnten am 24. April 2022 das Publikum mit ihrem Auftreten und der im eigenen Stil interpretierten Country Music begeistern. Vom Kultur- und Verkehrsverein erhielten wir ein super Lob:<\/p><\/blockquote>\n<blockquote><p><em>&#8222;Liebe Turtles,<\/em><br \/>\n<em>vielen, vielen Dank f\u00fcr Eure tolle und professionelle Darbietung und den markanten Sound!<\/em><br \/>\n<em>Genau so hatten wir Euch in Erinnerung. Immer wieder gern!<\/em><br \/>\n<em>Beste Gr\u00fc\u00dfe<\/em><br \/>\n<em>Daniela&#8220;<\/em><\/p><\/blockquote>\n<blockquote><p>Wir sehen uns.<br \/>\n&#8222;Yee Haw&#8230;&#8220;<\/p><\/blockquote>\n<p><p class=\"slogan\">FLYIN&#8216; TURTLES &#8211; Wir lassen uns nicht unterkriegen!<\/p><br \/>\n<span style=\"color: #ff00ff;\">(eingestellt am 28.01.2022)<\/span><\/p>\n<blockquote><p>Neugierig blicken wir auf das Jahr 2022. Wir sind gespannt, welche Auftritte wir gemeinsam mit den Veranstaltern verwirklichen k\u00f6nnen.<\/p><\/blockquote>\n<blockquote><p>Wir sehen uns.<br \/>\n&#8222;Yee Haw&#8230;&#8220;<\/p><\/blockquote>\n","protected":false},"excerpt":{"rendered":"<p>(eingestellt am 28.09.2022) Im August machten die Flyin&#8216; Turtles eine Fotosession. Keine Kosten und keine Aufw\u00e4nde wurden hierf\u00fcr gescheut. Ein 1924 Ford T und der Blick auf Halle Westfalen bildeten die geeignete Kulisse f\u00fcr dieses Event. Die Flyin&#8216; Turtles selbst, waren bei dieser Kulisse nur noch &hellip; <\/p>\n<p><a href=\"https:\/\/www.flyinturtles.de\/?page_id=1033\" class=\"more-link\"><span class=\"morelink-icon\">Weiterlesen<\/span><\/a><\/p>\n","protected":false},"author":1,"featured_media":0,"parent":0,"menu_order":0,"comment_status":"closed","ping_status":"closed","template":"","meta":{"footnotes":""},"class_list":["post-1033","page","type-page","status-publish","hentry"],"_links":{"self":[{"href":"https:\/\/www.flyinturtles.de\/index.php?rest_route=\/wp\/v2\/pages\/1033","targetHints":{"allow":["GET"]}}],"collection":[{"href":"https:\/\/www.flyinturtles.de\/index.php?rest_route=\/wp\/v2\/pages"}],"about":[{"href":"https:\/\/www.flyinturtles.de\/index.php?rest_route=\/wp\/v2\/types\/page"}],"author":[{"embeddable":true,"href":"https:\/\/www.flyinturtles.de\/index.php?rest_route=\/wp\/v2\/users\/1"}],"replies":[{"embeddable":true,"href":"https:\/\/www.flyinturtles.de\/index.php?rest_route=%2Fwp%2Fv2%2Fcomments&post=1033"}],"version-history":[{"count":1,"href":"https:\/\/www.flyinturtles.de\/index.php?rest_route=\/wp\/v2\/pages\/1033\/revisions"}],"predecessor-version":[{"id":1034,"href":"https:\/\/www.flyinturtles.de\/index.php?rest_route=\/wp\/v2\/pages\/1033\/revisions\/1034"}],"wp:attachment":[{"href":"https:\/\/www.flyinturtles.de\/index.php?rest_route=%2Fwp%2Fv2%2Fmedia&parent=1033"}],"curies":[{"name":"wp","href":"https:\/\/api.w.org\/{rel}","templated":true}]}}