{"id":10,"date":"2018-02-18T08:04:23","date_gmt":"2018-02-18T08:04:23","guid":{"rendered":"https:\/\/www.flyinturtles.de\/?page_id=10"},"modified":"2020-04-14T13:22:32","modified_gmt":"2020-04-14T13:22:32","slug":"willkommen","status":"publish","type":"page","link":"https:\/\/www.flyinturtles.de\/","title":{"rendered":"Willkommen"},"content":{"rendered":"<p class=\"slogan\">Flyin&#8216; Turtles &#8211; Das Programm<\/p>\n<blockquote><p>\nDie FLYIN&#8216; TURTLES, das ist eine 4 k\u00f6pfige Country Band aus Halle\/ Westfalen in der N\u00e4he von Bielefeld.<\/p>\n<p>Urspr\u00fcnglich sollte es ein musikalisches Geschenk f\u00fcr eine Geburtstagsparty im Sommer 2004 sein, und kurze Zeit sp\u00e4ter rockten die vier sympathischen Hillbillies bereits die hiesigen Honkytonks und Bluesclubs. Es folgten \u00fcberregionale Auftritte auf Country-und Linedance-Festivals und immer wieder \u00fcbertrug sich der Spa\u00df von der B\u00fchne auf ein begeistertes Publikum. Zum einen mag dies sicherlich die lockere musikalische Mischung aus alten Bluegrass-, Blues und Countrysongs sein, die man nicht auf traditionelle Weise kopiert, sondern die frech und rockig interpretiert, zum unverwechselbaren Turtles-Sound wurden. Zum anderen handelt es sich bei den vier Southern Gentlemen nicht einfach nur um Musiker die auf einer B\u00fchne stehen, sondern um authentische Typen die lieber mit ihrem Publikum Spa\u00df haben, als nur ihr Set abzuspielen.<br \/>\nDas Motto der Band lautet: &#8222;3 Akkorde und die Wahrheit, das ist das Geheimnis guter Countrymusik.&#8220;\n<\/p><\/blockquote>\n<p class=\"slogan\">Flyin&#8216; Turtles &#8211; Meinungen<\/p>\n<blockquote><p>So manches Mal wird Hank Williams sich vor \u00c4rger \u00fcber seine missratenen Enkel im Grabe umgedreht haben, aber vielleicht hat er auch ab und zu die Flyin&#8216; Turtles gesegnet. Immerhin gab es schon Lob aus den Staaten f\u00fcr die Coverversion von Lost Highway und in Brasilien bewegt die Turtles-Version von Jambalaya die Tanzbeine. Selbst Gunter Gabriel, der eher f\u00fcr sparsamen Charme bekannt sein d\u00fcrfte, lobte die unkomplizierte und authentische Musikalit\u00e4t dieser Band, nachdem man bereits zwei Mal gemeinsam auf einer B\u00fchne gestanden hat.<\/p><\/blockquote>\n<p class=\"slogan\">Flyin&#8216; Turtles &#8211; Meilensteine<\/p>\n<blockquote><p>Als weitere Meilensteine w\u00e4ren dann noch ein sehr gelungener TV-Gig zu nennen, die produzierte CD &#8222;The Invisible Hand&#8220;, Auftritte beim Country und Truckertreff in Kaunitz (Westfalen) sowie beim Internationalen Country und Truckertreffen in Szeged\/ Ungarn. 2018 konnte die Band beim Internationalen Country Music Award in Pullman City (Eging am See in Bayern) den 3. Platz in der Kategorie Traditional Country belegen. Selbstverst\u00e4ndlich gibt es im Set auch eigene Songs, mit Ohrwurm-und Tanzpotential und zu guter letzt ist da noch der Name dieser Band, Flyin&#8216; Turtles, so erfrischend anders wie die Band selbst..<\/p><\/blockquote>\n<p class=\"slogan\">Flyin&#8216; Turtles &#8211; Was wir euch bieten<\/p>\n<blockquote><p>\n&#8211; Spa\u00df und gute Laune<br \/>\n&#8211; vier b\u00fchnenerfahrene Musiker<br \/>\n&#8211; handgemachte Livemusik<\/p><\/blockquote>\n<blockquote><p>Interesse geweckt? Dann kannst Du uns \u00fcber unsere Kontaktadresse erreichen. Gern senden wir Dir dann weitere Informationen zu.<\/p><\/blockquote>\n","protected":false},"excerpt":{"rendered":"<p>Die FLYIN&#8216; TURTLES, das ist eine 4 k\u00f6pfige Country Band aus Halle\/ Westfalen in der N\u00e4he von Bielefeld. Urspr\u00fcnglich sollte es ein musikalisches Geschenk f\u00fcr eine Geburtstagsparty im Sommer 2004 sein, und kurze Zeit sp\u00e4ter rockten die vier sympathischen Hillbillies bereits die hiesigen Honkytonks und Bluesclubs. &hellip; <\/p>\n<p><a href=\"https:\/\/www.flyinturtles.de\/\" class=\"more-link\"><span class=\"morelink-icon\">Weiterlesen<\/span><\/a><\/p>\n","protected":false},"author":1,"featured_media":0,"parent":0,"menu_order":0,"comment_status":"closed","ping_status":"closed","template":"page-templates\/full-width.php","meta":{"footnotes":""},"class_list":["post-10","page","type-page","status-publish","hentry"],"_links":{"self":[{"href":"https:\/\/www.flyinturtles.de\/index.php?rest_route=\/wp\/v2\/pages\/10","targetHints":{"allow":["GET"]}}],"collection":[{"href":"https:\/\/www.flyinturtles.de\/index.php?rest_route=\/wp\/v2\/pages"}],"about":[{"href":"https:\/\/www.flyinturtles.de\/index.php?rest_route=\/wp\/v2\/types\/page"}],"author":[{"embeddable":true,"href":"https:\/\/www.flyinturtles.de\/index.php?rest_route=\/wp\/v2\/users\/1"}],"replies":[{"embeddable":true,"href":"https:\/\/www.flyinturtles.de\/index.php?rest_route=%2Fwp%2Fv2%2Fcomments&post=10"}],"version-history":[{"count":18,"href":"https:\/\/www.flyinturtles.de\/index.php?rest_route=\/wp\/v2\/pages\/10\/revisions"}],"predecessor-version":[{"id":878,"href":"https:\/\/www.flyinturtles.de\/index.php?rest_route=\/wp\/v2\/pages\/10\/revisions\/878"}],"wp:attachment":[{"href":"https:\/\/www.flyinturtles.de\/index.php?rest_route=%2Fwp%2Fv2%2Fmedia&parent=10"}],"curies":[{"name":"wp","href":"https:\/\/api.w.org\/{rel}","templated":true}]}}